{"id":556,"date":"2014-03-07T11:39:49","date_gmt":"2014-03-07T09:39:49","guid":{"rendered":"http:\/\/www.liningcomponents.fi\/?page_id=556"},"modified":"2014-03-07T11:40:47","modified_gmt":"2014-03-07T09:40:47","slug":"vajerdampare-enidine","status":"publish","type":"page","link":"https:\/\/www.ytm-lv.fi\/sv\/dampning\/vajerdampare-enidine\/","title":{"rendered":"Vajerd\u00e4mpare (ENIDINE)"},"content":{"rendered":"<h2><a href=\"http:\/\/www.liningcomponents.fi\/wp-content\/uploads\/2014\/01\/enidine_vaijerivaimentimet.jpg\"><img loading=\"lazy\" decoding=\"async\" class=\"alignnone size-full wp-image-214\" alt=\"Enidine vaijerivaimentimet\" src=\"http:\/\/www.liningcomponents.fi\/wp-content\/uploads\/2014\/01\/enidine_vaijerivaimentimet.jpg\" width=\"1100\" height=\"718\" srcset=\"https:\/\/www.ytm-lv.fi\/wp-content\/uploads\/2014\/01\/enidine_vaijerivaimentimet.jpg 1100w, https:\/\/www.ytm-lv.fi\/wp-content\/uploads\/2014\/01\/enidine_vaijerivaimentimet-300x195.jpg 300w, https:\/\/www.ytm-lv.fi\/wp-content\/uploads\/2014\/01\/enidine_vaijerivaimentimet-1024x668.jpg 1024w\" sizes=\"auto, (max-width: 1100px) 100vw, 1100px\" \/><\/a><\/h2>\n<p>Med vajerd\u00e4mpare eller chockd\u00e4mpare skyddas k\u00e4nslig utrustning i objekt d\u00e4r d\u00e4mpning beh\u00f6vs p\u00e5 grund av varierande vibrationer fr\u00e5n flera h\u00e5ll.<\/p>\n<p>WR- och CR-seriens underh\u00e5llsfria vibrationsd\u00e4mpare l\u00e4mpar sig framf\u00f6r allt f\u00f6r att skydda k\u00e4nslig utrustning mot skakningar och vibrationer fr\u00e5n omgivningen.<\/p>\n<ul>\n<li>WR-seriens d\u00e4mpare f\u00f6r de st\u00f6rsta belastningarna (0,5 kg\u20131 600 kg\/d\u00e4mpare).<\/li>\n<li>CR-seriens d\u00e4mpare f\u00f6r mindre belastningar (20 g\u201312 kg\/d\u00e4mpare).<\/li>\n<\/ul>\n<p>Enidines vajerd\u00e4mpare \u00e4r mycket t\u00e5liga mot h\u00f6ga temperaturer, kemikalier och oljor och l\u00e4mpar sig d\u00e4rf\u00f6r p\u00e5 m\u00e5nga s\u00e4tt f\u00f6r en rad olika anv\u00e4ndningsomr\u00e5den.<\/p>\n<h3>Exempel p\u00e5 anv\u00e4ndningsomr\u00e5den:<\/h3>\n<ul>\n<li>fartyg<\/li>\n<li>flygplan<\/li>\n<li>fordon<\/li>\n<li>datorer<\/li>\n<li>laboratorieutrustningar<\/li>\n<li>av-utrustningar<\/li>\n<li>milit\u00e4ra applikationer osv.<\/li>\n<\/ul>\n","protected":false},"excerpt":{"rendered":"<p>Med vajerd\u00e4mpare eller chockd\u00e4mpare skyddas k\u00e4nslig utrustning i objekt d\u00e4r d\u00e4mpning beh\u00f6vs p\u00e5 grund av varierande vibrationer fr\u00e5n flera h\u00e5ll. WR- och CR-seriens underh\u00e5llsfria vibrationsd\u00e4mpare l\u00e4mpar sig framf\u00f6r allt f\u00f6r att skydda k\u00e4nslig utrustning mot skakningar och vibrationer fr\u00e5n omgivningen. WR-seriens d\u00e4mpare f\u00f6r de st\u00f6rsta belastningarna (0,5 kg\u20131 600 kg\/d\u00e4mpare). CR-seriens d\u00e4mpare f\u00f6r mindre belastningar [&hellip;]<\/p>\n","protected":false},"author":3,"featured_media":0,"parent":540,"menu_order":0,"comment_status":"closed","ping_status":"closed","template":"","meta":{"hide_page_title":"","footnotes":""},"class_list":["post-556","page","type-page","status-publish","hentry"],"yoast_head":"<!-- This site is optimized with the Yoast SEO plugin v26.8 - https:\/\/yoast.com\/product\/yoast-seo-wordpress\/ -->\n<title>Vajerd\u00e4mpare (ENIDINE) -<\/title>\n<meta name=\"robots\" content=\"index, follow, max-snippet:-1, max-image-preview:large, max-video-preview:-1\" \/>\n<link rel=\"canonical\" href=\"https:\/\/www.ytm-lv.fi\/vaimennustekniikka\/enidine-vaijerivaimentimet\/\" \/>\n<meta property=\"og:locale\" content=\"sv_SE\" \/>\n<meta property=\"og:type\" content=\"article\" \/>\n<meta property=\"og:title\" content=\"Vajerd\u00e4mpare (ENIDINE) -\" \/>\n<meta property=\"og:description\" content=\"Med vajerd\u00e4mpare eller chockd\u00e4mpare skyddas k\u00e4nslig utrustning i objekt d\u00e4r d\u00e4mpning beh\u00f6vs p\u00e5 grund av varierande vibrationer fr\u00e5n flera h\u00e5ll. WR- och CR-seriens underh\u00e5llsfria vibrationsd\u00e4mpare l\u00e4mpar sig framf\u00f6r allt f\u00f6r att skydda k\u00e4nslig utrustning mot skakningar och vibrationer fr\u00e5n omgivningen. WR-seriens d\u00e4mpare f\u00f6r de st\u00f6rsta belastningarna (0,5 kg\u20131 600 kg\/d\u00e4mpare). CR-seriens d\u00e4mpare f\u00f6r mindre belastningar [&hellip;]\" \/>\n<meta property=\"og:url\" content=\"https:\/\/www.ytm-lv.fi\/vaimennustekniikka\/enidine-vaijerivaimentimet\/\" \/>\n<meta property=\"article:publisher\" content=\"https:\/\/www.facebook.com\/ytmindustrial\" \/>\n<meta property=\"article:modified_time\" content=\"2014-03-07T09:40:47+00:00\" \/>\n<meta property=\"og:image\" content=\"http:\/\/www.liningcomponents.fi\/wp-content\/uploads\/2014\/01\/enidine_vaijerivaimentimet.jpg\" \/>\n<meta name=\"twitter:card\" content=\"summary_large_image\" \/>\n<meta name=\"twitter:site\" content=\"@ytmindustrial\" \/>\n<meta name=\"twitter:label1\" content=\"Ber\u00e4knad l\u00e4stid\" \/>\n\t<meta name=\"twitter:data1\" content=\"1 minut\" \/>\n<script type=\"application\/ld+json\" class=\"yoast-schema-graph\">{\"@context\":\"https:\/\/schema.org\",\"@graph\":[{\"@type\":\"WebPage\",\"@id\":\"https:\/\/www.ytm-lv.fi\/vaimennustekniikka\/enidine-vaijerivaimentimet\/\",\"url\":\"https:\/\/www.ytm-lv.fi\/vaimennustekniikka\/enidine-vaijerivaimentimet\/\",\"name\":\"Vajerd\u00e4mpare (ENIDINE) -\",\"isPartOf\":{\"@id\":\"https:\/\/www.ytm-lv.fi\/#website\"},\"primaryImageOfPage\":{\"@id\":\"https:\/\/www.ytm-lv.fi\/vaimennustekniikka\/enidine-vaijerivaimentimet\/#primaryimage\"},\"image\":{\"@id\":\"https:\/\/www.ytm-lv.fi\/vaimennustekniikka\/enidine-vaijerivaimentimet\/#primaryimage\"},\"thumbnailUrl\":\"http:\/\/www.liningcomponents.fi\/wp-content\/uploads\/2014\/01\/enidine_vaijerivaimentimet.jpg\",\"datePublished\":\"2014-03-07T09:39:49+00:00\",\"dateModified\":\"2014-03-07T09:40:47+00:00\",\"breadcrumb\":{\"@id\":\"https:\/\/www.ytm-lv.fi\/vaimennustekniikka\/enidine-vaijerivaimentimet\/#breadcrumb\"},\"inLanguage\":\"sv-SE\",\"potentialAction\":[{\"@type\":\"ReadAction\",\"target\":[\"https:\/\/www.ytm-lv.fi\/vaimennustekniikka\/enidine-vaijerivaimentimet\/\"]}]},{\"@type\":\"ImageObject\",\"inLanguage\":\"sv-SE\",\"@id\":\"https:\/\/www.ytm-lv.fi\/vaimennustekniikka\/enidine-vaijerivaimentimet\/#primaryimage\",\"url\":\"http:\/\/www.liningcomponents.fi\/wp-content\/uploads\/2014\/01\/enidine_vaijerivaimentimet.jpg\",\"contentUrl\":\"http:\/\/www.liningcomponents.fi\/wp-content\/uploads\/2014\/01\/enidine_vaijerivaimentimet.jpg\"},{\"@type\":\"BreadcrumbList\",\"@id\":\"https:\/\/www.ytm-lv.fi\/vaimennustekniikka\/enidine-vaijerivaimentimet\/#breadcrumb\",\"itemListElement\":[{\"@type\":\"ListItem\",\"position\":1,\"name\":\"Home\",\"item\":\"https:\/\/www.ytm-lv.fi\/sv\/\"},{\"@type\":\"ListItem\",\"position\":2,\"name\":\"D\u00e4mpning\",\"item\":\"https:\/\/www.ytm-lv.fi\/vaimennustekniikka\/\"},{\"@type\":\"ListItem\",\"position\":3,\"name\":\"Vajerd\u00e4mpare (ENIDINE)\"}]},{\"@type\":\"WebSite\",\"@id\":\"https:\/\/www.ytm-lv.fi\/#website\",\"url\":\"https:\/\/www.ytm-lv.fi\/\",\"name\":\"\",\"description\":\"Korkealuokkaiset kumi- ja vaimennustekniikkatuotteet\",\"potentialAction\":[{\"@type\":\"SearchAction\",\"target\":{\"@type\":\"EntryPoint\",\"urlTemplate\":\"https:\/\/www.ytm-lv.fi\/?s={search_term_string}\"},\"query-input\":{\"@type\":\"PropertyValueSpecification\",\"valueRequired\":true,\"valueName\":\"search_term_string\"}}],\"inLanguage\":\"sv-SE\"}]}<\/script>\n<!-- \/ Yoast SEO plugin. -->","yoast_head_json":{"title":"Vajerd\u00e4mpare (ENIDINE) -","robots":{"index":"index","follow":"follow","max-snippet":"max-snippet:-1","max-image-preview":"max-image-preview:large","max-video-preview":"max-video-preview:-1"},"canonical":"https:\/\/www.ytm-lv.fi\/vaimennustekniikka\/enidine-vaijerivaimentimet\/","og_locale":"sv_SE","og_type":"article","og_title":"Vajerd\u00e4mpare (ENIDINE) -","og_description":"Med vajerd\u00e4mpare eller chockd\u00e4mpare skyddas k\u00e4nslig utrustning i objekt d\u00e4r d\u00e4mpning beh\u00f6vs p\u00e5 grund av varierande vibrationer fr\u00e5n flera h\u00e5ll. WR- och CR-seriens underh\u00e5llsfria vibrationsd\u00e4mpare l\u00e4mpar sig framf\u00f6r allt f\u00f6r att skydda k\u00e4nslig utrustning mot skakningar och vibrationer fr\u00e5n omgivningen. WR-seriens d\u00e4mpare f\u00f6r de st\u00f6rsta belastningarna (0,5 kg\u20131 600 kg\/d\u00e4mpare). CR-seriens d\u00e4mpare f\u00f6r mindre belastningar [&hellip;]","og_url":"https:\/\/www.ytm-lv.fi\/vaimennustekniikka\/enidine-vaijerivaimentimet\/","article_publisher":"https:\/\/www.facebook.com\/ytmindustrial","article_modified_time":"2014-03-07T09:40:47+00:00","og_image":[{"url":"http:\/\/www.liningcomponents.fi\/wp-content\/uploads\/2014\/01\/enidine_vaijerivaimentimet.jpg","type":"","width":"","height":""}],"twitter_card":"summary_large_image","twitter_site":"@ytmindustrial","twitter_misc":{"Ber\u00e4knad l\u00e4stid":"1 minut"},"schema":{"@context":"https:\/\/schema.org","@graph":[{"@type":"WebPage","@id":"https:\/\/www.ytm-lv.fi\/vaimennustekniikka\/enidine-vaijerivaimentimet\/","url":"https:\/\/www.ytm-lv.fi\/vaimennustekniikka\/enidine-vaijerivaimentimet\/","name":"Vajerd\u00e4mpare (ENIDINE) -","isPartOf":{"@id":"https:\/\/www.ytm-lv.fi\/#website"},"primaryImageOfPage":{"@id":"https:\/\/www.ytm-lv.fi\/vaimennustekniikka\/enidine-vaijerivaimentimet\/#primaryimage"},"image":{"@id":"https:\/\/www.ytm-lv.fi\/vaimennustekniikka\/enidine-vaijerivaimentimet\/#primaryimage"},"thumbnailUrl":"http:\/\/www.liningcomponents.fi\/wp-content\/uploads\/2014\/01\/enidine_vaijerivaimentimet.jpg","datePublished":"2014-03-07T09:39:49+00:00","dateModified":"2014-03-07T09:40:47+00:00","breadcrumb":{"@id":"https:\/\/www.ytm-lv.fi\/vaimennustekniikka\/enidine-vaijerivaimentimet\/#breadcrumb"},"inLanguage":"sv-SE","potentialAction":[{"@type":"ReadAction","target":["https:\/\/www.ytm-lv.fi\/vaimennustekniikka\/enidine-vaijerivaimentimet\/"]}]},{"@type":"ImageObject","inLanguage":"sv-SE","@id":"https:\/\/www.ytm-lv.fi\/vaimennustekniikka\/enidine-vaijerivaimentimet\/#primaryimage","url":"http:\/\/www.liningcomponents.fi\/wp-content\/uploads\/2014\/01\/enidine_vaijerivaimentimet.jpg","contentUrl":"http:\/\/www.liningcomponents.fi\/wp-content\/uploads\/2014\/01\/enidine_vaijerivaimentimet.jpg"},{"@type":"BreadcrumbList","@id":"https:\/\/www.ytm-lv.fi\/vaimennustekniikka\/enidine-vaijerivaimentimet\/#breadcrumb","itemListElement":[{"@type":"ListItem","position":1,"name":"Home","item":"https:\/\/www.ytm-lv.fi\/sv\/"},{"@type":"ListItem","position":2,"name":"D\u00e4mpning","item":"https:\/\/www.ytm-lv.fi\/vaimennustekniikka\/"},{"@type":"ListItem","position":3,"name":"Vajerd\u00e4mpare (ENIDINE)"}]},{"@type":"WebSite","@id":"https:\/\/www.ytm-lv.fi\/#website","url":"https:\/\/www.ytm-lv.fi\/","name":"","description":"Korkealuokkaiset kumi- ja vaimennustekniikkatuotteet","potentialAction":[{"@type":"SearchAction","target":{"@type":"EntryPoint","urlTemplate":"https:\/\/www.ytm-lv.fi\/?s={search_term_string}"},"query-input":{"@type":"PropertyValueSpecification","valueRequired":true,"valueName":"search_term_string"}}],"inLanguage":"sv-SE"}]}},"_links":{"self":[{"href":"https:\/\/www.ytm-lv.fi\/sv\/wp-json\/wp\/v2\/pages\/556","targetHints":{"allow":["GET"]}}],"collection":[{"href":"https:\/\/www.ytm-lv.fi\/sv\/wp-json\/wp\/v2\/pages"}],"about":[{"href":"https:\/\/www.ytm-lv.fi\/sv\/wp-json\/wp\/v2\/types\/page"}],"author":[{"embeddable":true,"href":"https:\/\/www.ytm-lv.fi\/sv\/wp-json\/wp\/v2\/users\/3"}],"replies":[{"embeddable":true,"href":"https:\/\/www.ytm-lv.fi\/sv\/wp-json\/wp\/v2\/comments?post=556"}],"version-history":[{"count":1,"href":"https:\/\/www.ytm-lv.fi\/sv\/wp-json\/wp\/v2\/pages\/556\/revisions"}],"predecessor-version":[{"id":557,"href":"https:\/\/www.ytm-lv.fi\/sv\/wp-json\/wp\/v2\/pages\/556\/revisions\/557"}],"up":[{"embeddable":true,"href":"https:\/\/www.ytm-lv.fi\/sv\/wp-json\/wp\/v2\/pages\/540"}],"wp:attachment":[{"href":"https:\/\/www.ytm-lv.fi\/sv\/wp-json\/wp\/v2\/media?parent=556"}],"curies":[{"name":"wp","href":"https:\/\/api.w.org\/{rel}","templated":true}]}}