{"id":552,"date":"2014-03-07T11:34:44","date_gmt":"2014-03-07T09:34:44","guid":{"rendered":"http:\/\/www.liningcomponents.fi\/?page_id=552"},"modified":"2014-03-07T11:34:44","modified_gmt":"2014-03-07T09:34:44","slug":"stotdamparservice-auktoriserad-service-for-enidine-industristotdampare","status":"publish","type":"page","link":"https:\/\/www.ytm-lv.fi\/sv\/dampning\/stotdampare_for_industrin_enidine\/stotdamparservice-auktoriserad-service-for-enidine-industristotdampare\/","title":{"rendered":"St\u00f6td\u00e4mparservice \u2013 auktoriserad service f\u00f6r Enidine-industrist\u00f6td\u00e4mpare"},"content":{"rendered":"<p><a href=\"http:\/\/www.liningcomponents.fi\/wp-content\/uploads\/2014\/01\/enidine_iskunvaimenninhuoltokuva.jpg\"><img loading=\"lazy\" decoding=\"async\" class=\"alignnone size-full wp-image-318\" alt=\"Enidine huolto\" src=\"http:\/\/www.liningcomponents.fi\/wp-content\/uploads\/2014\/01\/enidine_iskunvaimenninhuoltokuva.jpg\" width=\"606\" height=\"372\" srcset=\"https:\/\/www.ytm-lv.fi\/wp-content\/uploads\/2014\/01\/enidine_iskunvaimenninhuoltokuva.jpg 606w, https:\/\/www.ytm-lv.fi\/wp-content\/uploads\/2014\/01\/enidine_iskunvaimenninhuoltokuva-400x245.jpg 400w\" sizes=\"auto, (max-width: 606px) 100vw, 606px\" \/><\/a><\/p>\n<p>Lining Components \u00e4r ett auktoriserat servicef\u00f6retag f\u00f6r Enidine-industrist\u00f6td\u00e4mpare. V\u00e5r kunniga serviceenhet underh\u00e5ller alla Enidine-industrist\u00f6td\u00e4mpare p\u00e5 ett professionellt s\u00e4tt och med flera \u00e5rs erfarenhet.<\/p>\n<p>St\u00f6td\u00e4mparnas effekt kan minska efter flera \u00e5rs drift, och d\u00e4mparna b\u00f6r underh\u00e5llas regelbundet. Vi ger alltid v\u00e5ra kunder en kostnadskalkyl \u00f6ver st\u00f6td\u00e4mparservicen, vilket inneb\u00e4r att det inte uppst\u00e5r n\u00e5gra of\u00f6rutsedda kostnader. Ta kontakt med v\u00e5r f\u00f6rs\u00e4ljning och ber\u00e4tta vilken typ av d\u00e4mpare du har, s\u00e5 f\u00e5r du en kostnadskalkyl.<\/p>\n<h3>Grundservicen omfattar:<\/h3>\n<ul>\n<li>Byte av t\u00e4tningssats<\/li>\n<li>Byte av kolvenhet<\/li>\n<li>Byte av tryckbl\u00e5sa<\/li>\n<li>Oljebyte<\/li>\n<li>Funktionstest efter service<\/li>\n<\/ul>\n","protected":false},"excerpt":{"rendered":"<p>Lining Components \u00e4r ett auktoriserat servicef\u00f6retag f\u00f6r Enidine-industrist\u00f6td\u00e4mpare. V\u00e5r kunniga serviceenhet underh\u00e5ller alla Enidine-industrist\u00f6td\u00e4mpare p\u00e5 ett professionellt s\u00e4tt och med flera \u00e5rs erfarenhet. St\u00f6td\u00e4mparnas effekt kan minska efter flera \u00e5rs drift, och d\u00e4mparna b\u00f6r underh\u00e5llas regelbundet. Vi ger alltid v\u00e5ra kunder en kostnadskalkyl \u00f6ver st\u00f6td\u00e4mparservicen, vilket inneb\u00e4r att det inte uppst\u00e5r n\u00e5gra of\u00f6rutsedda kostnader. Ta [&hellip;]<\/p>\n","protected":false},"author":3,"featured_media":0,"parent":546,"menu_order":0,"comment_status":"closed","ping_status":"closed","template":"","meta":{"hide_page_title":"","footnotes":""},"class_list":["post-552","page","type-page","status-publish","hentry"],"yoast_head":"<!-- This site is optimized with the Yoast SEO plugin v26.8 - https:\/\/yoast.com\/product\/yoast-seo-wordpress\/ -->\n<title>St\u00f6td\u00e4mparservice \u2013 auktoriserad service f\u00f6r Enidine-industrist\u00f6td\u00e4mpare -<\/title>\n<meta name=\"robots\" content=\"index, follow, max-snippet:-1, max-image-preview:large, max-video-preview:-1\" \/>\n<link rel=\"canonical\" href=\"https:\/\/www.ytm-lv.fi\/vaimennustekniikka\/enidine-teollisuuden-iskunvaimentimet\/enidine-iskunvaimentimien-huolto\/\" \/>\n<meta property=\"og:locale\" content=\"sv_SE\" \/>\n<meta property=\"og:type\" content=\"article\" \/>\n<meta property=\"og:title\" content=\"St\u00f6td\u00e4mparservice \u2013 auktoriserad service f\u00f6r Enidine-industrist\u00f6td\u00e4mpare -\" \/>\n<meta property=\"og:description\" content=\"Lining Components \u00e4r ett auktoriserat servicef\u00f6retag f\u00f6r Enidine-industrist\u00f6td\u00e4mpare. V\u00e5r kunniga serviceenhet underh\u00e5ller alla Enidine-industrist\u00f6td\u00e4mpare p\u00e5 ett professionellt s\u00e4tt och med flera \u00e5rs erfarenhet. St\u00f6td\u00e4mparnas effekt kan minska efter flera \u00e5rs drift, och d\u00e4mparna b\u00f6r underh\u00e5llas regelbundet. Vi ger alltid v\u00e5ra kunder en kostnadskalkyl \u00f6ver st\u00f6td\u00e4mparservicen, vilket inneb\u00e4r att det inte uppst\u00e5r n\u00e5gra of\u00f6rutsedda kostnader. Ta [&hellip;]\" \/>\n<meta property=\"og:url\" content=\"https:\/\/www.ytm-lv.fi\/vaimennustekniikka\/enidine-teollisuuden-iskunvaimentimet\/enidine-iskunvaimentimien-huolto\/\" \/>\n<meta property=\"article:publisher\" content=\"https:\/\/www.facebook.com\/ytmindustrial\" \/>\n<meta property=\"og:image\" content=\"http:\/\/www.liningcomponents.fi\/wp-content\/uploads\/2014\/01\/enidine_iskunvaimenninhuoltokuva.jpg\" \/>\n<meta name=\"twitter:card\" content=\"summary_large_image\" \/>\n<meta name=\"twitter:site\" content=\"@ytmindustrial\" \/>\n<meta name=\"twitter:label1\" content=\"Ber\u00e4knad l\u00e4stid\" \/>\n\t<meta name=\"twitter:data1\" content=\"1 minut\" \/>\n<script type=\"application\/ld+json\" class=\"yoast-schema-graph\">{\"@context\":\"https:\/\/schema.org\",\"@graph\":[{\"@type\":\"WebPage\",\"@id\":\"https:\/\/www.ytm-lv.fi\/vaimennustekniikka\/enidine-teollisuuden-iskunvaimentimet\/enidine-iskunvaimentimien-huolto\/\",\"url\":\"https:\/\/www.ytm-lv.fi\/vaimennustekniikka\/enidine-teollisuuden-iskunvaimentimet\/enidine-iskunvaimentimien-huolto\/\",\"name\":\"St\u00f6td\u00e4mparservice \u2013 auktoriserad service f\u00f6r Enidine-industrist\u00f6td\u00e4mpare -\",\"isPartOf\":{\"@id\":\"https:\/\/www.ytm-lv.fi\/#website\"},\"primaryImageOfPage\":{\"@id\":\"https:\/\/www.ytm-lv.fi\/vaimennustekniikka\/enidine-teollisuuden-iskunvaimentimet\/enidine-iskunvaimentimien-huolto\/#primaryimage\"},\"image\":{\"@id\":\"https:\/\/www.ytm-lv.fi\/vaimennustekniikka\/enidine-teollisuuden-iskunvaimentimet\/enidine-iskunvaimentimien-huolto\/#primaryimage\"},\"thumbnailUrl\":\"http:\/\/www.liningcomponents.fi\/wp-content\/uploads\/2014\/01\/enidine_iskunvaimenninhuoltokuva.jpg\",\"datePublished\":\"2014-03-07T09:34:44+00:00\",\"breadcrumb\":{\"@id\":\"https:\/\/www.ytm-lv.fi\/vaimennustekniikka\/enidine-teollisuuden-iskunvaimentimet\/enidine-iskunvaimentimien-huolto\/#breadcrumb\"},\"inLanguage\":\"sv-SE\",\"potentialAction\":[{\"@type\":\"ReadAction\",\"target\":[\"https:\/\/www.ytm-lv.fi\/vaimennustekniikka\/enidine-teollisuuden-iskunvaimentimet\/enidine-iskunvaimentimien-huolto\/\"]}]},{\"@type\":\"ImageObject\",\"inLanguage\":\"sv-SE\",\"@id\":\"https:\/\/www.ytm-lv.fi\/vaimennustekniikka\/enidine-teollisuuden-iskunvaimentimet\/enidine-iskunvaimentimien-huolto\/#primaryimage\",\"url\":\"http:\/\/www.liningcomponents.fi\/wp-content\/uploads\/2014\/01\/enidine_iskunvaimenninhuoltokuva.jpg\",\"contentUrl\":\"http:\/\/www.liningcomponents.fi\/wp-content\/uploads\/2014\/01\/enidine_iskunvaimenninhuoltokuva.jpg\"},{\"@type\":\"BreadcrumbList\",\"@id\":\"https:\/\/www.ytm-lv.fi\/vaimennustekniikka\/enidine-teollisuuden-iskunvaimentimet\/enidine-iskunvaimentimien-huolto\/#breadcrumb\",\"itemListElement\":[{\"@type\":\"ListItem\",\"position\":1,\"name\":\"Home\",\"item\":\"https:\/\/www.ytm-lv.fi\/sv\/\"},{\"@type\":\"ListItem\",\"position\":2,\"name\":\"D\u00e4mpning\",\"item\":\"https:\/\/www.ytm-lv.fi\/vaimennustekniikka\/\"},{\"@type\":\"ListItem\",\"position\":3,\"name\":\"St\u00f6td\u00e4mpare f\u00f6r industrin (ENIDINE)\",\"item\":\"https:\/\/www.ytm-lv.fi\/vaimennustekniikka\/enidine-teollisuuden-iskunvaimentimet\/\"},{\"@type\":\"ListItem\",\"position\":4,\"name\":\"St\u00f6td\u00e4mparservice \u2013 auktoriserad service f\u00f6r Enidine-industrist\u00f6td\u00e4mpare\"}]},{\"@type\":\"WebSite\",\"@id\":\"https:\/\/www.ytm-lv.fi\/#website\",\"url\":\"https:\/\/www.ytm-lv.fi\/\",\"name\":\"\",\"description\":\"Korkealuokkaiset kumi- ja vaimennustekniikkatuotteet\",\"potentialAction\":[{\"@type\":\"SearchAction\",\"target\":{\"@type\":\"EntryPoint\",\"urlTemplate\":\"https:\/\/www.ytm-lv.fi\/?s={search_term_string}\"},\"query-input\":{\"@type\":\"PropertyValueSpecification\",\"valueRequired\":true,\"valueName\":\"search_term_string\"}}],\"inLanguage\":\"sv-SE\"}]}<\/script>\n<!-- \/ Yoast SEO plugin. -->","yoast_head_json":{"title":"St\u00f6td\u00e4mparservice \u2013 auktoriserad service f\u00f6r Enidine-industrist\u00f6td\u00e4mpare -","robots":{"index":"index","follow":"follow","max-snippet":"max-snippet:-1","max-image-preview":"max-image-preview:large","max-video-preview":"max-video-preview:-1"},"canonical":"https:\/\/www.ytm-lv.fi\/vaimennustekniikka\/enidine-teollisuuden-iskunvaimentimet\/enidine-iskunvaimentimien-huolto\/","og_locale":"sv_SE","og_type":"article","og_title":"St\u00f6td\u00e4mparservice \u2013 auktoriserad service f\u00f6r Enidine-industrist\u00f6td\u00e4mpare -","og_description":"Lining Components \u00e4r ett auktoriserat servicef\u00f6retag f\u00f6r Enidine-industrist\u00f6td\u00e4mpare. V\u00e5r kunniga serviceenhet underh\u00e5ller alla Enidine-industrist\u00f6td\u00e4mpare p\u00e5 ett professionellt s\u00e4tt och med flera \u00e5rs erfarenhet. St\u00f6td\u00e4mparnas effekt kan minska efter flera \u00e5rs drift, och d\u00e4mparna b\u00f6r underh\u00e5llas regelbundet. Vi ger alltid v\u00e5ra kunder en kostnadskalkyl \u00f6ver st\u00f6td\u00e4mparservicen, vilket inneb\u00e4r att det inte uppst\u00e5r n\u00e5gra of\u00f6rutsedda kostnader. Ta [&hellip;]","og_url":"https:\/\/www.ytm-lv.fi\/vaimennustekniikka\/enidine-teollisuuden-iskunvaimentimet\/enidine-iskunvaimentimien-huolto\/","article_publisher":"https:\/\/www.facebook.com\/ytmindustrial","og_image":[{"url":"http:\/\/www.liningcomponents.fi\/wp-content\/uploads\/2014\/01\/enidine_iskunvaimenninhuoltokuva.jpg","type":"","width":"","height":""}],"twitter_card":"summary_large_image","twitter_site":"@ytmindustrial","twitter_misc":{"Ber\u00e4knad l\u00e4stid":"1 minut"},"schema":{"@context":"https:\/\/schema.org","@graph":[{"@type":"WebPage","@id":"https:\/\/www.ytm-lv.fi\/vaimennustekniikka\/enidine-teollisuuden-iskunvaimentimet\/enidine-iskunvaimentimien-huolto\/","url":"https:\/\/www.ytm-lv.fi\/vaimennustekniikka\/enidine-teollisuuden-iskunvaimentimet\/enidine-iskunvaimentimien-huolto\/","name":"St\u00f6td\u00e4mparservice \u2013 auktoriserad service f\u00f6r Enidine-industrist\u00f6td\u00e4mpare -","isPartOf":{"@id":"https:\/\/www.ytm-lv.fi\/#website"},"primaryImageOfPage":{"@id":"https:\/\/www.ytm-lv.fi\/vaimennustekniikka\/enidine-teollisuuden-iskunvaimentimet\/enidine-iskunvaimentimien-huolto\/#primaryimage"},"image":{"@id":"https:\/\/www.ytm-lv.fi\/vaimennustekniikka\/enidine-teollisuuden-iskunvaimentimet\/enidine-iskunvaimentimien-huolto\/#primaryimage"},"thumbnailUrl":"http:\/\/www.liningcomponents.fi\/wp-content\/uploads\/2014\/01\/enidine_iskunvaimenninhuoltokuva.jpg","datePublished":"2014-03-07T09:34:44+00:00","breadcrumb":{"@id":"https:\/\/www.ytm-lv.fi\/vaimennustekniikka\/enidine-teollisuuden-iskunvaimentimet\/enidine-iskunvaimentimien-huolto\/#breadcrumb"},"inLanguage":"sv-SE","potentialAction":[{"@type":"ReadAction","target":["https:\/\/www.ytm-lv.fi\/vaimennustekniikka\/enidine-teollisuuden-iskunvaimentimet\/enidine-iskunvaimentimien-huolto\/"]}]},{"@type":"ImageObject","inLanguage":"sv-SE","@id":"https:\/\/www.ytm-lv.fi\/vaimennustekniikka\/enidine-teollisuuden-iskunvaimentimet\/enidine-iskunvaimentimien-huolto\/#primaryimage","url":"http:\/\/www.liningcomponents.fi\/wp-content\/uploads\/2014\/01\/enidine_iskunvaimenninhuoltokuva.jpg","contentUrl":"http:\/\/www.liningcomponents.fi\/wp-content\/uploads\/2014\/01\/enidine_iskunvaimenninhuoltokuva.jpg"},{"@type":"BreadcrumbList","@id":"https:\/\/www.ytm-lv.fi\/vaimennustekniikka\/enidine-teollisuuden-iskunvaimentimet\/enidine-iskunvaimentimien-huolto\/#breadcrumb","itemListElement":[{"@type":"ListItem","position":1,"name":"Home","item":"https:\/\/www.ytm-lv.fi\/sv\/"},{"@type":"ListItem","position":2,"name":"D\u00e4mpning","item":"https:\/\/www.ytm-lv.fi\/vaimennustekniikka\/"},{"@type":"ListItem","position":3,"name":"St\u00f6td\u00e4mpare f\u00f6r industrin (ENIDINE)","item":"https:\/\/www.ytm-lv.fi\/vaimennustekniikka\/enidine-teollisuuden-iskunvaimentimet\/"},{"@type":"ListItem","position":4,"name":"St\u00f6td\u00e4mparservice \u2013 auktoriserad service f\u00f6r Enidine-industrist\u00f6td\u00e4mpare"}]},{"@type":"WebSite","@id":"https:\/\/www.ytm-lv.fi\/#website","url":"https:\/\/www.ytm-lv.fi\/","name":"","description":"Korkealuokkaiset kumi- ja vaimennustekniikkatuotteet","potentialAction":[{"@type":"SearchAction","target":{"@type":"EntryPoint","urlTemplate":"https:\/\/www.ytm-lv.fi\/?s={search_term_string}"},"query-input":{"@type":"PropertyValueSpecification","valueRequired":true,"valueName":"search_term_string"}}],"inLanguage":"sv-SE"}]}},"_links":{"self":[{"href":"https:\/\/www.ytm-lv.fi\/sv\/wp-json\/wp\/v2\/pages\/552","targetHints":{"allow":["GET"]}}],"collection":[{"href":"https:\/\/www.ytm-lv.fi\/sv\/wp-json\/wp\/v2\/pages"}],"about":[{"href":"https:\/\/www.ytm-lv.fi\/sv\/wp-json\/wp\/v2\/types\/page"}],"author":[{"embeddable":true,"href":"https:\/\/www.ytm-lv.fi\/sv\/wp-json\/wp\/v2\/users\/3"}],"replies":[{"embeddable":true,"href":"https:\/\/www.ytm-lv.fi\/sv\/wp-json\/wp\/v2\/comments?post=552"}],"version-history":[{"count":1,"href":"https:\/\/www.ytm-lv.fi\/sv\/wp-json\/wp\/v2\/pages\/552\/revisions"}],"predecessor-version":[{"id":553,"href":"https:\/\/www.ytm-lv.fi\/sv\/wp-json\/wp\/v2\/pages\/552\/revisions\/553"}],"up":[{"embeddable":true,"href":"https:\/\/www.ytm-lv.fi\/sv\/wp-json\/wp\/v2\/pages\/546"}],"wp:attachment":[{"href":"https:\/\/www.ytm-lv.fi\/sv\/wp-json\/wp\/v2\/media?parent=552"}],"curies":[{"name":"wp","href":"https:\/\/api.w.org\/{rel}","templated":true}]}}