{"id":546,"date":"2014-03-07T11:12:24","date_gmt":"2014-03-07T09:12:24","guid":{"rendered":"http:\/\/www.liningcomponents.fi\/?page_id=546"},"modified":"2014-03-07T11:28:52","modified_gmt":"2014-03-07T09:28:52","slug":"stotdampare_for_industrin_enidine","status":"publish","type":"page","link":"https:\/\/www.ytm-lv.fi\/sv\/dampning\/stotdampare_for_industrin_enidine\/","title":{"rendered":"St\u00f6td\u00e4mpare f\u00f6r industrin (ENIDINE)"},"content":{"rendered":"<h2><a style=\"font-size: 14px; line-height: 1.5em;\" href=\"http:\/\/www.liningcomponents.fi\/wp-content\/uploads\/2014\/01\/enidine_teollisuusvaimentimet.jpg\"><img loading=\"lazy\" decoding=\"async\" class=\"alignnone size-full wp-image-118\" alt=\"enidine_teollisuusvaimentimet\" src=\"http:\/\/www.liningcomponents.fi\/wp-content\/uploads\/2014\/01\/enidine_teollisuusvaimentimet.jpg\" width=\"726\" height=\"358\" srcset=\"https:\/\/www.ytm-lv.fi\/wp-content\/uploads\/2014\/01\/enidine_teollisuusvaimentimet.jpg 726w, https:\/\/www.ytm-lv.fi\/wp-content\/uploads\/2014\/01\/enidine_teollisuusvaimentimet-300x147.jpg 300w\" sizes=\"auto, (max-width: 726px) 100vw, 726px\" \/><\/a><\/h2>\n<h2>En kvalitetsst\u00f6td\u00e4mpare f\u00f6r industrins behov<\/h2>\n<p>Med industrist\u00f6td\u00e4mpare omvandlas r\u00f6relseenergin i sm\u00e5 och \u00e4ven st\u00f6rre massor till v\u00e4rme, samtidigt som de skyddar maskinens konstruktioner och delar mot st\u00f6tar. Industrist\u00f6td\u00e4mpare kan bland annat anv\u00e4ndas i en snabbt arbetande f\u00f6rpackningsmaskin eller f\u00f6r hantering av den r\u00f6rliga massan p\u00e5 en pappersrulle p\u00e5 hundra ton. Enidine-industrid\u00e4mpare \u00e4r uppdelade i \u00e5tta olika serier, se grundl\u00e4ggande data nedan.<br \/>\n<img loading=\"lazy\" decoding=\"async\" class=\"alignright\" alt=\"\" src=\"\/old_pics\/enidine_iskunvaimennin__OEM.jpg\" width=\"200\" height=\"146\" \/><\/p>\n<h3><strong>OEM-serien<\/strong><\/h3>\n<ul>\n<li>Reglerbar st\u00f6td\u00e4mparserie<\/li>\n<li>Finns \u00e4ven f\u00f6r l\u00e5ga hastigheter (LROEM)<\/li>\n<li>G\u00e4ngad stomme, enkel att montera<\/li>\n<li>Anv\u00e4ndningsomr\u00e5den: robotar, f\u00f6rpackningsmaskiner, v\u00e4ndbord, pappersmaskiner osv.<\/li>\n<li><a class=\"pdf_open\" onclick=\"recordOutboundLink(this, 'PDF avattu', 'Enidine');return false;\" href=\"\/pdf\/Lining_Components_Enidine_OEM_serien.pdf\" target=\"_blank\">L\u00e4s mer om produkterna<\/a><\/li>\n<\/ul>\n<p><img loading=\"lazy\" decoding=\"async\" class=\"alignright\" alt=\"\" src=\"\/old_pics\/enidine_iskunvaimennin__TK.jpg\" width=\"200\" height=\"224\" \/><\/p>\n<h3>TK-serien<\/h3>\n<ul>\n<li>En serie hydrauliska miniatyrst\u00f6td\u00e4mpare<\/li>\n<li>G\u00e4ngad stomme<\/li>\n<li>Tillf\u00f6rlitlig bromsning f\u00f6r sm\u00e5 belastningar<\/li>\n<li>Anv\u00e4ndningsomr\u00e5den: robotar, gripmekanismer, packautomater osv.<\/li>\n<li><a class=\"pdf_open\" onclick=\"recordOutboundLink(this, 'PDF avattu', 'Enidine');return false;\" href=\"\/pdf\/Lining_Components_Enidine_TK-serien.pdf\" target=\"_blank\">L\u00e4s mer om produkterna<\/a><\/li>\n<\/ul>\n<p>&nbsp;<\/p>\n<p><img loading=\"lazy\" decoding=\"async\" class=\"alignright\" alt=\"\" src=\"\/old_pics\/enidine_iskunvaimennin__ECO.jpg\" width=\"200\" height=\"195\" \/><\/p>\n<h3>ECO-serien<\/h3>\n<ul>\n<li>Progressiv st\u00f6td\u00e4mpare med fast inst\u00e4llning<\/li>\n<li>G\u00e4ngad stomme<\/li>\n<li>Milj\u00f6v\u00e4nlig Enicote-bel\u00e4ggning<\/li>\n<li>Anv\u00e4ndningsomr\u00e5den: F\u00f6rpackningsmaskiner, transportsystem, livsmedelsindustrin &#8230;<\/li>\n<li>Ers\u00e4tter Enidine PRO- och PM-seriens st\u00f6td\u00e4mpare upp till serie 100<\/li>\n<li>L\u00e4s mer i\u00a0<a href=\"\/pdf\/Lining_Components_Enidine_ECO-sarja.pdf\" target=\"_blank\">produktblad<\/a>\u00a0eller p\u00e5\u00a0<a href=\"www.enidine-eco.com\" target=\"_blank\">www.enidine-eco.com\u00a0<\/a><\/li>\n<\/ul>\n<ul>\n<li><img loading=\"lazy\" decoding=\"async\" style=\"line-height: 1.5em;\" alt=\"\" src=\"\/old_pics\/ROHS_Compliant.jpg\" width=\"80\" height=\"100\" \/><\/li>\n<\/ul>\n<p><img loading=\"lazy\" decoding=\"async\" class=\"alignright\" alt=\"\" src=\"\/old_pics\/enidine_iskunvaimennin__pro.jpg\" width=\"46\" height=\"200\" \/><\/p>\n<h3>PRO-serien<\/h3>\n<ul>\n<li>Progressiv st\u00f6td\u00e4mparserie med fasta inst\u00e4llningar<\/li>\n<li>G\u00e4ngad stomme<\/li>\n<li>Anv\u00e4ndningsomr\u00e5den: robotar, linj\u00e4ra applikationer, plastbl\u00e5sningsmaskiner osv.<\/li>\n<li><a class=\"pdf_open\" onclick=\"recordOutboundLink(this, 'PDF avattu', 'Enidine');return false;\" href=\"\/pdf\/Lining_Components_Enidine_PRO-PM-serien.pdf\" target=\"_blank\">L\u00e4s mer om produkterna<\/a><\/li>\n<\/ul>\n<p><img loading=\"lazy\" decoding=\"async\" class=\"alignright\" alt=\"\" src=\"\/old_pics\/enidine_iskunvaimennin__PM.jpg\" width=\"200\" height=\"179\" \/><\/p>\n<h3>PM-serien<\/h3>\n<ul>\n<li>En serie sj\u00e4lvkompenserande st\u00f6td\u00e4mpare<\/li>\n<li><a class=\"pdf_open\" onclick=\"recordOutboundLink(this, 'PDF avattu', 'Enidine');return false;\" href=\"\/pdf\/Lining_Components_Enidine_PRO-PM-serien.pdf\" target=\"_blank\">L\u00e4s mer om produkterna<\/a><\/li>\n<\/ul>\n<p>&nbsp;<\/p>\n<h3>STH-serien<\/h3>\n<ul>\n<li>En serie st\u00f6td\u00e4mpare som skr\u00e4ddarsys f\u00f6r kunden<\/li>\n<li>Sm\u00e5 ytterm\u00e5tt \u2013 stor d\u00e4mpningsf\u00f6rm\u00e5ga<\/li>\n<li>Anv\u00e4ndningsomr\u00e5den: verktygsmaskiner, transportdon, inmatare, automatutrustningar osv.<\/li>\n<\/ul>\n<p><img loading=\"lazy\" decoding=\"async\" class=\"alignright\" alt=\"\" src=\"\/old_pics\/enidine_iskunvaimennin__hdhda.jpg\" width=\"200\" height=\"132\" \/><\/p>\n<h3>HD\/HDA-serien<\/h3>\n<ul>\n<li>En serie st\u00f6td\u00e4mpare f\u00f6r tunga \u00e4ndam\u00e5l<\/li>\n<li>Dimensioneras individuellt f\u00f6r varje applikation<\/li>\n<li>HDA-seriens st\u00f6td\u00e4mpare \u00e4r reglerbara<\/li>\n<li>Temperaturomr\u00e5de vid behov upp till -40 \u00b0C\u2013+100 \u00b0C (specialt\u00e4tningar och oljor)<\/li>\n<li>F\u00f6r sv\u00e5ra f\u00f6rh\u00e5llanden \u00e4r det m\u00f6jligt att montera zinkbelagda, epoxym\u00e5lade st\u00f6td\u00e4mpare som utrustats med specialkolvst\u00e5ng<\/li>\n<li>Anv\u00e4ndningsomr\u00e5den: kranar, traverskranar, pappersmaskiner, sv\u00e4ngbroar osv<\/li>\n<li><a class=\"pdf_open\" onclick=\"recordOutboundLink(this, 'PDF avattu', 'Enidine');return false;\" href=\"\/pdf\/Lining_Components_Enidine_HD-HDA-HDN-serien.pdf\" target=\"_blank\">L\u00e4s mer om produkterna<\/a><\/li>\n<\/ul>\n<p><img loading=\"lazy\" decoding=\"async\" class=\"alignright\" alt=\"\" src=\"\/old_pics\/enidine_iskunvaimennin__HI.jpg\" width=\"111\" height=\"200\" \/><\/p>\n<h3>HI-serien<\/h3>\n<ul>\n<li>En serie hydrauliska buffertar f\u00f6r tunga \u00e4ndam\u00e5l<\/li>\n<li>Skr\u00e4ddarsydd dimensionering<\/li>\n<li>Stort hastighetsomr\u00e5de (0,5\u20135 m\/s)<\/li>\n<li>Anv\u00e4ndningsomr\u00e5den: travers- och hamnkranar, sp\u00e5rtrafikbuffertar osv.<\/li>\n<li><a class=\"pdf_open\" onclick=\"recordOutboundLink(this, 'PDF avattu', 'Enidine');return false;\" href=\"\/pdf\/Lining_Components_Enidine_HI-serien.pdf\" target=\"_blank\">L\u00e4s mer om produkterna<\/a><\/li>\n<\/ul>\n<p>&nbsp;<\/p>\n<p>&nbsp;<\/p>\n<p><img loading=\"lazy\" decoding=\"async\" class=\"alignright\" alt=\"\" src=\"\/old_pics\/enidine_iskunvaimennin__ADADA.jpg\" width=\"200\" height=\"123\" \/><\/p>\n<h3>ADA\/DA-serien<\/h3>\n<ul>\n<li>Dubbelverkande, reglerbar (ADA)<\/li>\n<li>F\u00f6r press- och dragapplikationer<\/li>\n<li>F\u00f6r hastighetsreglering och -standardisering<\/li>\n<li>Anv\u00e4ndningsomr\u00e5den: pneumatikcylindrar, linj\u00e4ra applikationer, inspektions- och ventilationsluckor<\/li>\n<\/ul>\n","protected":false},"excerpt":{"rendered":"<p>En kvalitetsst\u00f6td\u00e4mpare f\u00f6r industrins behov Med industrist\u00f6td\u00e4mpare omvandlas r\u00f6relseenergin i sm\u00e5 och \u00e4ven st\u00f6rre massor till v\u00e4rme, samtidigt som de skyddar maskinens konstruktioner och delar mot st\u00f6tar. Industrist\u00f6td\u00e4mpare kan bland annat anv\u00e4ndas i en snabbt arbetande f\u00f6rpackningsmaskin eller f\u00f6r hantering av den r\u00f6rliga massan p\u00e5 en pappersrulle p\u00e5 hundra ton. Enidine-industrid\u00e4mpare \u00e4r uppdelade i \u00e5tta [&hellip;]<\/p>\n","protected":false},"author":3,"featured_media":0,"parent":540,"menu_order":0,"comment_status":"closed","ping_status":"closed","template":"","meta":{"hide_page_title":"","footnotes":""},"class_list":["post-546","page","type-page","status-publish","hentry"],"yoast_head":"<!-- This site is optimized with the Yoast SEO plugin v26.8 - https:\/\/yoast.com\/product\/yoast-seo-wordpress\/ -->\n<title>St\u00f6td\u00e4mpare f\u00f6r industrin (ENIDINE) -<\/title>\n<meta name=\"robots\" content=\"index, follow, max-snippet:-1, max-image-preview:large, max-video-preview:-1\" \/>\n<link rel=\"canonical\" href=\"https:\/\/www.ytm-lv.fi\/vaimennustekniikka\/enidine-teollisuuden-iskunvaimentimet\/\" \/>\n<meta property=\"og:locale\" content=\"sv_SE\" \/>\n<meta property=\"og:type\" content=\"article\" \/>\n<meta property=\"og:title\" content=\"St\u00f6td\u00e4mpare f\u00f6r industrin (ENIDINE) -\" \/>\n<meta property=\"og:description\" content=\"En kvalitetsst\u00f6td\u00e4mpare f\u00f6r industrins behov Med industrist\u00f6td\u00e4mpare omvandlas r\u00f6relseenergin i sm\u00e5 och \u00e4ven st\u00f6rre massor till v\u00e4rme, samtidigt som de skyddar maskinens konstruktioner och delar mot st\u00f6tar. Industrist\u00f6td\u00e4mpare kan bland annat anv\u00e4ndas i en snabbt arbetande f\u00f6rpackningsmaskin eller f\u00f6r hantering av den r\u00f6rliga massan p\u00e5 en pappersrulle p\u00e5 hundra ton. Enidine-industrid\u00e4mpare \u00e4r uppdelade i \u00e5tta [&hellip;]\" \/>\n<meta property=\"og:url\" content=\"https:\/\/www.ytm-lv.fi\/vaimennustekniikka\/enidine-teollisuuden-iskunvaimentimet\/\" \/>\n<meta property=\"article:publisher\" content=\"https:\/\/www.facebook.com\/ytmindustrial\" \/>\n<meta property=\"article:modified_time\" content=\"2014-03-07T09:28:52+00:00\" \/>\n<meta property=\"og:image\" content=\"http:\/\/www.liningcomponents.fi\/wp-content\/uploads\/2014\/01\/enidine_teollisuusvaimentimet.jpg\" \/>\n<meta name=\"twitter:card\" content=\"summary_large_image\" \/>\n<meta name=\"twitter:site\" content=\"@ytmindustrial\" \/>\n<meta name=\"twitter:label1\" content=\"Ber\u00e4knad l\u00e4stid\" \/>\n\t<meta name=\"twitter:data1\" content=\"2 minuter\" \/>\n<script type=\"application\/ld+json\" class=\"yoast-schema-graph\">{\"@context\":\"https:\/\/schema.org\",\"@graph\":[{\"@type\":\"WebPage\",\"@id\":\"https:\/\/www.ytm-lv.fi\/vaimennustekniikka\/enidine-teollisuuden-iskunvaimentimet\/\",\"url\":\"https:\/\/www.ytm-lv.fi\/vaimennustekniikka\/enidine-teollisuuden-iskunvaimentimet\/\",\"name\":\"St\u00f6td\u00e4mpare f\u00f6r industrin (ENIDINE) -\",\"isPartOf\":{\"@id\":\"https:\/\/www.ytm-lv.fi\/#website\"},\"primaryImageOfPage\":{\"@id\":\"https:\/\/www.ytm-lv.fi\/vaimennustekniikka\/enidine-teollisuuden-iskunvaimentimet\/#primaryimage\"},\"image\":{\"@id\":\"https:\/\/www.ytm-lv.fi\/vaimennustekniikka\/enidine-teollisuuden-iskunvaimentimet\/#primaryimage\"},\"thumbnailUrl\":\"http:\/\/www.liningcomponents.fi\/wp-content\/uploads\/2014\/01\/enidine_teollisuusvaimentimet.jpg\",\"datePublished\":\"2014-03-07T09:12:24+00:00\",\"dateModified\":\"2014-03-07T09:28:52+00:00\",\"breadcrumb\":{\"@id\":\"https:\/\/www.ytm-lv.fi\/vaimennustekniikka\/enidine-teollisuuden-iskunvaimentimet\/#breadcrumb\"},\"inLanguage\":\"sv-SE\",\"potentialAction\":[{\"@type\":\"ReadAction\",\"target\":[\"https:\/\/www.ytm-lv.fi\/vaimennustekniikka\/enidine-teollisuuden-iskunvaimentimet\/\"]}]},{\"@type\":\"ImageObject\",\"inLanguage\":\"sv-SE\",\"@id\":\"https:\/\/www.ytm-lv.fi\/vaimennustekniikka\/enidine-teollisuuden-iskunvaimentimet\/#primaryimage\",\"url\":\"http:\/\/www.liningcomponents.fi\/wp-content\/uploads\/2014\/01\/enidine_teollisuusvaimentimet.jpg\",\"contentUrl\":\"http:\/\/www.liningcomponents.fi\/wp-content\/uploads\/2014\/01\/enidine_teollisuusvaimentimet.jpg\"},{\"@type\":\"BreadcrumbList\",\"@id\":\"https:\/\/www.ytm-lv.fi\/vaimennustekniikka\/enidine-teollisuuden-iskunvaimentimet\/#breadcrumb\",\"itemListElement\":[{\"@type\":\"ListItem\",\"position\":1,\"name\":\"Home\",\"item\":\"https:\/\/www.ytm-lv.fi\/sv\/\"},{\"@type\":\"ListItem\",\"position\":2,\"name\":\"D\u00e4mpning\",\"item\":\"https:\/\/www.ytm-lv.fi\/vaimennustekniikka\/\"},{\"@type\":\"ListItem\",\"position\":3,\"name\":\"St\u00f6td\u00e4mpare f\u00f6r industrin (ENIDINE)\"}]},{\"@type\":\"WebSite\",\"@id\":\"https:\/\/www.ytm-lv.fi\/#website\",\"url\":\"https:\/\/www.ytm-lv.fi\/\",\"name\":\"\",\"description\":\"Korkealuokkaiset kumi- ja vaimennustekniikkatuotteet\",\"potentialAction\":[{\"@type\":\"SearchAction\",\"target\":{\"@type\":\"EntryPoint\",\"urlTemplate\":\"https:\/\/www.ytm-lv.fi\/?s={search_term_string}\"},\"query-input\":{\"@type\":\"PropertyValueSpecification\",\"valueRequired\":true,\"valueName\":\"search_term_string\"}}],\"inLanguage\":\"sv-SE\"}]}<\/script>\n<!-- \/ Yoast SEO plugin. -->","yoast_head_json":{"title":"St\u00f6td\u00e4mpare f\u00f6r industrin (ENIDINE) -","robots":{"index":"index","follow":"follow","max-snippet":"max-snippet:-1","max-image-preview":"max-image-preview:large","max-video-preview":"max-video-preview:-1"},"canonical":"https:\/\/www.ytm-lv.fi\/vaimennustekniikka\/enidine-teollisuuden-iskunvaimentimet\/","og_locale":"sv_SE","og_type":"article","og_title":"St\u00f6td\u00e4mpare f\u00f6r industrin (ENIDINE) -","og_description":"En kvalitetsst\u00f6td\u00e4mpare f\u00f6r industrins behov Med industrist\u00f6td\u00e4mpare omvandlas r\u00f6relseenergin i sm\u00e5 och \u00e4ven st\u00f6rre massor till v\u00e4rme, samtidigt som de skyddar maskinens konstruktioner och delar mot st\u00f6tar. Industrist\u00f6td\u00e4mpare kan bland annat anv\u00e4ndas i en snabbt arbetande f\u00f6rpackningsmaskin eller f\u00f6r hantering av den r\u00f6rliga massan p\u00e5 en pappersrulle p\u00e5 hundra ton. Enidine-industrid\u00e4mpare \u00e4r uppdelade i \u00e5tta [&hellip;]","og_url":"https:\/\/www.ytm-lv.fi\/vaimennustekniikka\/enidine-teollisuuden-iskunvaimentimet\/","article_publisher":"https:\/\/www.facebook.com\/ytmindustrial","article_modified_time":"2014-03-07T09:28:52+00:00","og_image":[{"url":"http:\/\/www.liningcomponents.fi\/wp-content\/uploads\/2014\/01\/enidine_teollisuusvaimentimet.jpg","type":"","width":"","height":""}],"twitter_card":"summary_large_image","twitter_site":"@ytmindustrial","twitter_misc":{"Ber\u00e4knad l\u00e4stid":"2 minuter"},"schema":{"@context":"https:\/\/schema.org","@graph":[{"@type":"WebPage","@id":"https:\/\/www.ytm-lv.fi\/vaimennustekniikka\/enidine-teollisuuden-iskunvaimentimet\/","url":"https:\/\/www.ytm-lv.fi\/vaimennustekniikka\/enidine-teollisuuden-iskunvaimentimet\/","name":"St\u00f6td\u00e4mpare f\u00f6r industrin (ENIDINE) -","isPartOf":{"@id":"https:\/\/www.ytm-lv.fi\/#website"},"primaryImageOfPage":{"@id":"https:\/\/www.ytm-lv.fi\/vaimennustekniikka\/enidine-teollisuuden-iskunvaimentimet\/#primaryimage"},"image":{"@id":"https:\/\/www.ytm-lv.fi\/vaimennustekniikka\/enidine-teollisuuden-iskunvaimentimet\/#primaryimage"},"thumbnailUrl":"http:\/\/www.liningcomponents.fi\/wp-content\/uploads\/2014\/01\/enidine_teollisuusvaimentimet.jpg","datePublished":"2014-03-07T09:12:24+00:00","dateModified":"2014-03-07T09:28:52+00:00","breadcrumb":{"@id":"https:\/\/www.ytm-lv.fi\/vaimennustekniikka\/enidine-teollisuuden-iskunvaimentimet\/#breadcrumb"},"inLanguage":"sv-SE","potentialAction":[{"@type":"ReadAction","target":["https:\/\/www.ytm-lv.fi\/vaimennustekniikka\/enidine-teollisuuden-iskunvaimentimet\/"]}]},{"@type":"ImageObject","inLanguage":"sv-SE","@id":"https:\/\/www.ytm-lv.fi\/vaimennustekniikka\/enidine-teollisuuden-iskunvaimentimet\/#primaryimage","url":"http:\/\/www.liningcomponents.fi\/wp-content\/uploads\/2014\/01\/enidine_teollisuusvaimentimet.jpg","contentUrl":"http:\/\/www.liningcomponents.fi\/wp-content\/uploads\/2014\/01\/enidine_teollisuusvaimentimet.jpg"},{"@type":"BreadcrumbList","@id":"https:\/\/www.ytm-lv.fi\/vaimennustekniikka\/enidine-teollisuuden-iskunvaimentimet\/#breadcrumb","itemListElement":[{"@type":"ListItem","position":1,"name":"Home","item":"https:\/\/www.ytm-lv.fi\/sv\/"},{"@type":"ListItem","position":2,"name":"D\u00e4mpning","item":"https:\/\/www.ytm-lv.fi\/vaimennustekniikka\/"},{"@type":"ListItem","position":3,"name":"St\u00f6td\u00e4mpare f\u00f6r industrin (ENIDINE)"}]},{"@type":"WebSite","@id":"https:\/\/www.ytm-lv.fi\/#website","url":"https:\/\/www.ytm-lv.fi\/","name":"","description":"Korkealuokkaiset kumi- ja vaimennustekniikkatuotteet","potentialAction":[{"@type":"SearchAction","target":{"@type":"EntryPoint","urlTemplate":"https:\/\/www.ytm-lv.fi\/?s={search_term_string}"},"query-input":{"@type":"PropertyValueSpecification","valueRequired":true,"valueName":"search_term_string"}}],"inLanguage":"sv-SE"}]}},"_links":{"self":[{"href":"https:\/\/www.ytm-lv.fi\/sv\/wp-json\/wp\/v2\/pages\/546","targetHints":{"allow":["GET"]}}],"collection":[{"href":"https:\/\/www.ytm-lv.fi\/sv\/wp-json\/wp\/v2\/pages"}],"about":[{"href":"https:\/\/www.ytm-lv.fi\/sv\/wp-json\/wp\/v2\/types\/page"}],"author":[{"embeddable":true,"href":"https:\/\/www.ytm-lv.fi\/sv\/wp-json\/wp\/v2\/users\/3"}],"replies":[{"embeddable":true,"href":"https:\/\/www.ytm-lv.fi\/sv\/wp-json\/wp\/v2\/comments?post=546"}],"version-history":[{"count":3,"href":"https:\/\/www.ytm-lv.fi\/sv\/wp-json\/wp\/v2\/pages\/546\/revisions"}],"predecessor-version":[{"id":549,"href":"https:\/\/www.ytm-lv.fi\/sv\/wp-json\/wp\/v2\/pages\/546\/revisions\/549"}],"up":[{"embeddable":true,"href":"https:\/\/www.ytm-lv.fi\/sv\/wp-json\/wp\/v2\/pages\/540"}],"wp:attachment":[{"href":"https:\/\/www.ytm-lv.fi\/sv\/wp-json\/wp\/v2\/media?parent=546"}],"curies":[{"name":"wp","href":"https:\/\/api.w.org\/{rel}","templated":true}]}}