{"id":542,"date":"2014-03-07T10:44:22","date_gmt":"2014-03-07T08:44:22","guid":{"rendered":"http:\/\/www.liningcomponents.fi\/?page_id=542"},"modified":"2019-07-30T16:25:45","modified_gmt":"2019-07-30T13:25:45","slug":"monteringsanvisning-lv-seriens-vibrationsdampare","status":"publish","type":"page","link":"https:\/\/www.ytm-lv.fi\/sv\/dampning\/lv-seriens-vibrationsdampare-av-stotgummi\/monteringsanvisning-lv-seriens-vibrationsdampare\/","title":{"rendered":"Monteringsanvisning (YTM-LV-seriens vibrationsd\u00e4mpare)"},"content":{"rendered":"<p><a href=\"http:\/\/www.liningcomponents.fi\/wp-content\/uploads\/2014\/01\/vaimentimet.jpg\"><img loading=\"lazy\" decoding=\"async\" class=\"alignnone size-full wp-image-40\" src=\"http:\/\/www.liningcomponents.fi\/wp-content\/uploads\/2014\/01\/vaimentimet.jpg\" alt=\"vaimentimet\" width=\"726\" height=\"318\" srcset=\"https:\/\/www.ytm-lv.fi\/wp-content\/uploads\/2014\/01\/vaimentimet.jpg 726w, https:\/\/www.ytm-lv.fi\/wp-content\/uploads\/2014\/01\/vaimentimet-300x131.jpg 300w\" sizes=\"auto, (max-width: 726px) 100vw, 726px\" \/><\/a><\/p>\n<ol>\n<li>Kontrollera vikten p\u00e5 den belastning som ska d\u00e4mpas och att du har r\u00e4tt vibrationsd\u00e4mpare f\u00f6r belastningen i fr\u00e5ga. Ta i beaktande viktf\u00f6rdelningen hos hela den anordning som ska d\u00e4mpas.\n<ol>\n<li>T.ex. \u00e4r 34 LV 10\/200 anpassad f\u00f6r en belastning p\u00e5 120\u2013160 kg (60\u201380 % av 200 kg).<\/li>\n<\/ol>\n<\/li>\n<li>YTM-LV-seriens vibrationsd\u00e4mpare \u00e4r avsedda f\u00f6r vertikal tryckbelastning. Se till att b\u00e5de underlaget och anordningen \u00e4r bel\u00e4gna p\u00e5 samma v\u00e5gr\u00e4ta plan.<\/li>\n<li>\u00c4ven vid d\u00e4mpning av maskingrupper m\u00e5ste alla apparater vara bel\u00e4gna p\u00e5 samma stabila underlag.<\/li>\n<li>Kontrollera f\u00f6rh\u00e5llandena p\u00e5 monteringsplatsen:\n<ol>\n<li>Temperaturen ska vara mellan \u201335 och +65 \u00b0C.<\/li>\n<li>UV-str\u00e5lning \u00e4r skadligt f\u00f6r modeller som inte \u00e4r inkapslade.<\/li>\n<li>Organiska l\u00f6sningar \u00e4r skadliga.<\/li>\n<li>Oljor kan skada det gummi som anv\u00e4nds i vibrationsd\u00e4mparna<\/li>\n<\/ol>\n<\/li>\n<li>Anv\u00e4nd flexibla anslutningar n\u00e4r t.ex. r\u00f6r kopplas till den anordning som ska d\u00e4mpas. P\u00e5 s\u00e5 s\u00e4tt uppn\u00e5s en ost\u00f6rd d\u00e4mpning, d\u00e4r vibrationerna inte sprider sig i r\u00f6ren och r\u00f6ren inte belastas av skjuvkraften.<\/li>\n<li>Kontrollera d\u00e4mparnas s\u00e4ttning efter monteringen.\n<ol>\n<li>T.ex. ska isolatorn 34 LV 10\/200 sjunka 6\u20138 mm (60\u201380 % av 10 mm) n\u00e4r den \u00e4r belastad.<\/li>\n<\/ol>\n<\/li>\n<li>Kontrollera \u00e4ven att den d\u00e4mpade anordningen kan r\u00f6ra sig fritt i alla riktningar.<\/li>\n<li>Kontakta f\u00f6rs\u00e4ljningen om det uppst\u00e5r oklarheter.<\/li>\n<\/ol>\n","protected":false},"excerpt":{"rendered":"<p>Kontrollera vikten p\u00e5 den belastning som ska d\u00e4mpas och att du har r\u00e4tt vibrationsd\u00e4mpare f\u00f6r belastningen i fr\u00e5ga. Ta i beaktande viktf\u00f6rdelningen hos hela den anordning som ska d\u00e4mpas. T.ex. \u00e4r 34 LV 10\/200 anpassad f\u00f6r en belastning p\u00e5 120\u2013160 kg (60\u201380 % av 200 kg). YTM-LV-seriens vibrationsd\u00e4mpare \u00e4r avsedda f\u00f6r vertikal tryckbelastning. Se till [&hellip;]<\/p>\n","protected":false},"author":3,"featured_media":0,"parent":531,"menu_order":0,"comment_status":"closed","ping_status":"closed","template":"","meta":{"hide_page_title":"","footnotes":""},"class_list":["post-542","page","type-page","status-publish","hentry"],"yoast_head":"<!-- This site is optimized with the Yoast SEO plugin v26.8 - https:\/\/yoast.com\/product\/yoast-seo-wordpress\/ -->\n<title>Monteringsanvisning (YTM-LV-seriens vibrationsd\u00e4mpare) -<\/title>\n<meta name=\"robots\" content=\"index, follow, max-snippet:-1, max-image-preview:large, max-video-preview:-1\" \/>\n<link rel=\"canonical\" href=\"https:\/\/www.ytm-lv.fi\/vaimennustekniikka\/lv-sarjan-tarinanvaimentimet\/asennusohje-lv-sarjan-tarinanvaimentimille\/\" \/>\n<meta property=\"og:locale\" content=\"sv_SE\" \/>\n<meta property=\"og:type\" content=\"article\" \/>\n<meta property=\"og:title\" content=\"Monteringsanvisning (YTM-LV-seriens vibrationsd\u00e4mpare) -\" \/>\n<meta property=\"og:description\" content=\"Kontrollera vikten p\u00e5 den belastning som ska d\u00e4mpas och att du har r\u00e4tt vibrationsd\u00e4mpare f\u00f6r belastningen i fr\u00e5ga. Ta i beaktande viktf\u00f6rdelningen hos hela den anordning som ska d\u00e4mpas. T.ex. \u00e4r 34 LV 10\/200 anpassad f\u00f6r en belastning p\u00e5 120\u2013160 kg (60\u201380 % av 200 kg). YTM-LV-seriens vibrationsd\u00e4mpare \u00e4r avsedda f\u00f6r vertikal tryckbelastning. Se till [&hellip;]\" \/>\n<meta property=\"og:url\" content=\"https:\/\/www.ytm-lv.fi\/vaimennustekniikka\/lv-sarjan-tarinanvaimentimet\/asennusohje-lv-sarjan-tarinanvaimentimille\/\" \/>\n<meta property=\"article:publisher\" content=\"https:\/\/www.facebook.com\/ytmindustrial\" \/>\n<meta property=\"article:modified_time\" content=\"2019-07-30T13:25:45+00:00\" \/>\n<meta property=\"og:image\" content=\"http:\/\/www.liningcomponents.fi\/wp-content\/uploads\/2014\/01\/vaimentimet.jpg\" \/>\n<meta name=\"twitter:card\" content=\"summary_large_image\" \/>\n<meta name=\"twitter:site\" content=\"@ytmindustrial\" \/>\n<meta name=\"twitter:label1\" content=\"Ber\u00e4knad l\u00e4stid\" \/>\n\t<meta name=\"twitter:data1\" content=\"1 minut\" \/>\n<script type=\"application\/ld+json\" class=\"yoast-schema-graph\">{\"@context\":\"https:\/\/schema.org\",\"@graph\":[{\"@type\":\"WebPage\",\"@id\":\"https:\/\/www.ytm-lv.fi\/vaimennustekniikka\/lv-sarjan-tarinanvaimentimet\/asennusohje-lv-sarjan-tarinanvaimentimille\/\",\"url\":\"https:\/\/www.ytm-lv.fi\/vaimennustekniikka\/lv-sarjan-tarinanvaimentimet\/asennusohje-lv-sarjan-tarinanvaimentimille\/\",\"name\":\"Monteringsanvisning (YTM-LV-seriens vibrationsd\u00e4mpare) -\",\"isPartOf\":{\"@id\":\"https:\/\/www.ytm-lv.fi\/#website\"},\"primaryImageOfPage\":{\"@id\":\"https:\/\/www.ytm-lv.fi\/vaimennustekniikka\/lv-sarjan-tarinanvaimentimet\/asennusohje-lv-sarjan-tarinanvaimentimille\/#primaryimage\"},\"image\":{\"@id\":\"https:\/\/www.ytm-lv.fi\/vaimennustekniikka\/lv-sarjan-tarinanvaimentimet\/asennusohje-lv-sarjan-tarinanvaimentimille\/#primaryimage\"},\"thumbnailUrl\":\"http:\/\/www.liningcomponents.fi\/wp-content\/uploads\/2014\/01\/vaimentimet.jpg\",\"datePublished\":\"2014-03-07T08:44:22+00:00\",\"dateModified\":\"2019-07-30T13:25:45+00:00\",\"breadcrumb\":{\"@id\":\"https:\/\/www.ytm-lv.fi\/vaimennustekniikka\/lv-sarjan-tarinanvaimentimet\/asennusohje-lv-sarjan-tarinanvaimentimille\/#breadcrumb\"},\"inLanguage\":\"sv-SE\",\"potentialAction\":[{\"@type\":\"ReadAction\",\"target\":[\"https:\/\/www.ytm-lv.fi\/vaimennustekniikka\/lv-sarjan-tarinanvaimentimet\/asennusohje-lv-sarjan-tarinanvaimentimille\/\"]}]},{\"@type\":\"ImageObject\",\"inLanguage\":\"sv-SE\",\"@id\":\"https:\/\/www.ytm-lv.fi\/vaimennustekniikka\/lv-sarjan-tarinanvaimentimet\/asennusohje-lv-sarjan-tarinanvaimentimille\/#primaryimage\",\"url\":\"http:\/\/www.liningcomponents.fi\/wp-content\/uploads\/2014\/01\/vaimentimet.jpg\",\"contentUrl\":\"http:\/\/www.liningcomponents.fi\/wp-content\/uploads\/2014\/01\/vaimentimet.jpg\"},{\"@type\":\"BreadcrumbList\",\"@id\":\"https:\/\/www.ytm-lv.fi\/vaimennustekniikka\/lv-sarjan-tarinanvaimentimet\/asennusohje-lv-sarjan-tarinanvaimentimille\/#breadcrumb\",\"itemListElement\":[{\"@type\":\"ListItem\",\"position\":1,\"name\":\"Home\",\"item\":\"https:\/\/www.ytm-lv.fi\/sv\/\"},{\"@type\":\"ListItem\",\"position\":2,\"name\":\"D\u00e4mpning\",\"item\":\"https:\/\/www.ytm-lv.fi\/vaimennustekniikka\/\"},{\"@type\":\"ListItem\",\"position\":3,\"name\":\"YTM-LV-seriens vibrationsd\u00e4mpare\",\"item\":\"https:\/\/www.ytm-lv.fi\/vaimennustekniikka\/lv-sarjan-tarinanvaimentimet\/\"},{\"@type\":\"ListItem\",\"position\":4,\"name\":\"Monteringsanvisning (YTM-LV-seriens vibrationsd\u00e4mpare)\"}]},{\"@type\":\"WebSite\",\"@id\":\"https:\/\/www.ytm-lv.fi\/#website\",\"url\":\"https:\/\/www.ytm-lv.fi\/\",\"name\":\"\",\"description\":\"Korkealuokkaiset kumi- ja vaimennustekniikkatuotteet\",\"potentialAction\":[{\"@type\":\"SearchAction\",\"target\":{\"@type\":\"EntryPoint\",\"urlTemplate\":\"https:\/\/www.ytm-lv.fi\/?s={search_term_string}\"},\"query-input\":{\"@type\":\"PropertyValueSpecification\",\"valueRequired\":true,\"valueName\":\"search_term_string\"}}],\"inLanguage\":\"sv-SE\"}]}<\/script>\n<!-- \/ Yoast SEO plugin. -->","yoast_head_json":{"title":"Monteringsanvisning (YTM-LV-seriens vibrationsd\u00e4mpare) -","robots":{"index":"index","follow":"follow","max-snippet":"max-snippet:-1","max-image-preview":"max-image-preview:large","max-video-preview":"max-video-preview:-1"},"canonical":"https:\/\/www.ytm-lv.fi\/vaimennustekniikka\/lv-sarjan-tarinanvaimentimet\/asennusohje-lv-sarjan-tarinanvaimentimille\/","og_locale":"sv_SE","og_type":"article","og_title":"Monteringsanvisning (YTM-LV-seriens vibrationsd\u00e4mpare) -","og_description":"Kontrollera vikten p\u00e5 den belastning som ska d\u00e4mpas och att du har r\u00e4tt vibrationsd\u00e4mpare f\u00f6r belastningen i fr\u00e5ga. Ta i beaktande viktf\u00f6rdelningen hos hela den anordning som ska d\u00e4mpas. T.ex. \u00e4r 34 LV 10\/200 anpassad f\u00f6r en belastning p\u00e5 120\u2013160 kg (60\u201380 % av 200 kg). YTM-LV-seriens vibrationsd\u00e4mpare \u00e4r avsedda f\u00f6r vertikal tryckbelastning. Se till [&hellip;]","og_url":"https:\/\/www.ytm-lv.fi\/vaimennustekniikka\/lv-sarjan-tarinanvaimentimet\/asennusohje-lv-sarjan-tarinanvaimentimille\/","article_publisher":"https:\/\/www.facebook.com\/ytmindustrial","article_modified_time":"2019-07-30T13:25:45+00:00","og_image":[{"url":"http:\/\/www.liningcomponents.fi\/wp-content\/uploads\/2014\/01\/vaimentimet.jpg","type":"","width":"","height":""}],"twitter_card":"summary_large_image","twitter_site":"@ytmindustrial","twitter_misc":{"Ber\u00e4knad l\u00e4stid":"1 minut"},"schema":{"@context":"https:\/\/schema.org","@graph":[{"@type":"WebPage","@id":"https:\/\/www.ytm-lv.fi\/vaimennustekniikka\/lv-sarjan-tarinanvaimentimet\/asennusohje-lv-sarjan-tarinanvaimentimille\/","url":"https:\/\/www.ytm-lv.fi\/vaimennustekniikka\/lv-sarjan-tarinanvaimentimet\/asennusohje-lv-sarjan-tarinanvaimentimille\/","name":"Monteringsanvisning (YTM-LV-seriens vibrationsd\u00e4mpare) -","isPartOf":{"@id":"https:\/\/www.ytm-lv.fi\/#website"},"primaryImageOfPage":{"@id":"https:\/\/www.ytm-lv.fi\/vaimennustekniikka\/lv-sarjan-tarinanvaimentimet\/asennusohje-lv-sarjan-tarinanvaimentimille\/#primaryimage"},"image":{"@id":"https:\/\/www.ytm-lv.fi\/vaimennustekniikka\/lv-sarjan-tarinanvaimentimet\/asennusohje-lv-sarjan-tarinanvaimentimille\/#primaryimage"},"thumbnailUrl":"http:\/\/www.liningcomponents.fi\/wp-content\/uploads\/2014\/01\/vaimentimet.jpg","datePublished":"2014-03-07T08:44:22+00:00","dateModified":"2019-07-30T13:25:45+00:00","breadcrumb":{"@id":"https:\/\/www.ytm-lv.fi\/vaimennustekniikka\/lv-sarjan-tarinanvaimentimet\/asennusohje-lv-sarjan-tarinanvaimentimille\/#breadcrumb"},"inLanguage":"sv-SE","potentialAction":[{"@type":"ReadAction","target":["https:\/\/www.ytm-lv.fi\/vaimennustekniikka\/lv-sarjan-tarinanvaimentimet\/asennusohje-lv-sarjan-tarinanvaimentimille\/"]}]},{"@type":"ImageObject","inLanguage":"sv-SE","@id":"https:\/\/www.ytm-lv.fi\/vaimennustekniikka\/lv-sarjan-tarinanvaimentimet\/asennusohje-lv-sarjan-tarinanvaimentimille\/#primaryimage","url":"http:\/\/www.liningcomponents.fi\/wp-content\/uploads\/2014\/01\/vaimentimet.jpg","contentUrl":"http:\/\/www.liningcomponents.fi\/wp-content\/uploads\/2014\/01\/vaimentimet.jpg"},{"@type":"BreadcrumbList","@id":"https:\/\/www.ytm-lv.fi\/vaimennustekniikka\/lv-sarjan-tarinanvaimentimet\/asennusohje-lv-sarjan-tarinanvaimentimille\/#breadcrumb","itemListElement":[{"@type":"ListItem","position":1,"name":"Home","item":"https:\/\/www.ytm-lv.fi\/sv\/"},{"@type":"ListItem","position":2,"name":"D\u00e4mpning","item":"https:\/\/www.ytm-lv.fi\/vaimennustekniikka\/"},{"@type":"ListItem","position":3,"name":"YTM-LV-seriens vibrationsd\u00e4mpare","item":"https:\/\/www.ytm-lv.fi\/vaimennustekniikka\/lv-sarjan-tarinanvaimentimet\/"},{"@type":"ListItem","position":4,"name":"Monteringsanvisning (YTM-LV-seriens vibrationsd\u00e4mpare)"}]},{"@type":"WebSite","@id":"https:\/\/www.ytm-lv.fi\/#website","url":"https:\/\/www.ytm-lv.fi\/","name":"","description":"Korkealuokkaiset kumi- ja vaimennustekniikkatuotteet","potentialAction":[{"@type":"SearchAction","target":{"@type":"EntryPoint","urlTemplate":"https:\/\/www.ytm-lv.fi\/?s={search_term_string}"},"query-input":{"@type":"PropertyValueSpecification","valueRequired":true,"valueName":"search_term_string"}}],"inLanguage":"sv-SE"}]}},"_links":{"self":[{"href":"https:\/\/www.ytm-lv.fi\/sv\/wp-json\/wp\/v2\/pages\/542","targetHints":{"allow":["GET"]}}],"collection":[{"href":"https:\/\/www.ytm-lv.fi\/sv\/wp-json\/wp\/v2\/pages"}],"about":[{"href":"https:\/\/www.ytm-lv.fi\/sv\/wp-json\/wp\/v2\/types\/page"}],"author":[{"embeddable":true,"href":"https:\/\/www.ytm-lv.fi\/sv\/wp-json\/wp\/v2\/users\/3"}],"replies":[{"embeddable":true,"href":"https:\/\/www.ytm-lv.fi\/sv\/wp-json\/wp\/v2\/comments?post=542"}],"version-history":[{"count":2,"href":"https:\/\/www.ytm-lv.fi\/sv\/wp-json\/wp\/v2\/pages\/542\/revisions"}],"predecessor-version":[{"id":1322,"href":"https:\/\/www.ytm-lv.fi\/sv\/wp-json\/wp\/v2\/pages\/542\/revisions\/1322"}],"up":[{"embeddable":true,"href":"https:\/\/www.ytm-lv.fi\/sv\/wp-json\/wp\/v2\/pages\/531"}],"wp:attachment":[{"href":"https:\/\/www.ytm-lv.fi\/sv\/wp-json\/wp\/v2\/media?parent=542"}],"curies":[{"name":"wp","href":"https:\/\/api.w.org\/{rel}","templated":true}]}}