{"id":540,"date":"2014-03-07T10:19:09","date_gmt":"2014-03-07T08:19:09","guid":{"rendered":"http:\/\/www.liningcomponents.fi\/?page_id=540"},"modified":"2019-07-30T16:00:06","modified_gmt":"2019-07-30T13:00:06","slug":"dampning","status":"publish","type":"page","link":"https:\/\/www.ytm-lv.fi\/sv\/dampning\/","title":{"rendered":"D\u00e4mpning"},"content":{"rendered":"<p>Vaimennustekniikka on ollut osana tuoteohjelmaamme vuosikymmenien ajan. Asiantunteva henkil\u00f6kuntamme auttaa teit\u00e4 valitsemaan oikeanlaisen vaimentimet sovelluksen mukaan. Vaimennustuotteissa olennaisen osan vahvuudestamme muodostaa oma valmistuksemme. Tuotteiden nykyaikainen varastointi mahdollistaa pikatoimitukset ja huoltopalvelumme takaa tuotantonne h\u00e4iri\u00f6tt\u00f6m\u00e4n toiminnan.<\/p>\n<h3 class=\"one-half first\"><a title=\"LV-seriens vibrationsd\u00e4mpare av st\u00f6tgummi\" href=\"\/sv\/dampning\/lv-seriens-vibrationsdampare-av-stotgummi\/\"><img loading=\"lazy\" decoding=\"async\" class=\"size-full wp-image-40 alignnone\" src=\"\/wp-content\/uploads\/2014\/01\/tarinavaimentimet.png\" alt=\"tarinavaimentimet\" width=\"400\" height=\"250\" \/><\/a><br \/>\n<a title=\"LV-seriens vibrationsd\u00e4mpare av st\u00f6tgummi\" href=\"\/sv\/dampning\/lv-seriens-vibrationsdampare-av-stotgummi\/\"> LV-seriens vibrationsd\u00e4mpare<\/a><a title=\"LV-sarjan t\u00e4rin\u00e4nvaimentimet\" href=\"\/vaimennustekniikka\/lv-sarjan-tarinanvaimentimet\/\"><br \/>\n<\/a><\/h3>\n<h3 class=\"one-half\"><a title=\"St\u00f6td\u00e4mpare f\u00f6r industrin (ENIDINE)\" href=\"\/sv\/dampning\/stotdampare_for_industrin_enidine\/\"><img loading=\"lazy\" decoding=\"async\" class=\"size-full wp-image-40 alignnone\" src=\"\/wp-content\/uploads\/2014\/01\/enidinevaimentimet.png\" alt=\"enidinevaimentimet\" width=\"400\" height=\"250\" \/><\/a><br \/>\n<a title=\"St\u00f6td\u00e4mpare f\u00f6r industrin (ENIDINE)\" href=\"\/sv\/dampning\/stotdampare_for_industrin_enidine\/\"> ENIDINE-industrist\u00f6td\u00e4mpare<\/a><\/h3>\n<h3 class=\"one-half first\"><a title=\"Luftfj\u00e4dringar f\u00f6r industrin (ENIDINE)\" href=\"\/sv\/dampning\/luftfjadringar-for-industrin-enidine\/\"><img loading=\"lazy\" decoding=\"async\" class=\"alignnone wp-image-209\" src=\"\/wp-content\/uploads\/2014\/01\/enidine_ilmajouset.jpg\" alt=\"Enidine ilmajouset\" width=\"400\" height=\"250\" \/><\/a><br \/>\n<a title=\"Luftfj\u00e4dringar f\u00f6r industrin (ENIDINE)\" href=\"\/sv\/dampning\/luftfjadringar-for-industrin-enidine\/\"> Luftfj\u00e4dringar (Enidine)<\/a><\/h3>\n<h3 class=\"one-half\"><a title=\"Vajerd\u00e4mpare (ENIDINE)\" href=\"\/sv\/dampning\/vajerdampare-enidine\/\"><img loading=\"lazy\" decoding=\"async\" class=\"alignnone wp-image-214\" src=\"\/wp-content\/uploads\/2014\/01\/enidine_vaijerivaimentimet.jpg\" alt=\"Enidine vaijerivaimentimet\" width=\"400\" height=\"250\" \/><\/a><br \/>\n<a title=\"Vajerd\u00e4mpare (ENIDINE)\" href=\"\/sv\/dampning\/vajerdampare-enidine\/\"> Vajerd\u00e4mpare\u00a0(Enidine)<\/a><\/h3>\n<h3 class=\"one-half first\"><a title=\"Linatex-slitgummi av naturgummi\" href=\"\/sv\/dampning\/linatex-slitgummi-av-naturgummi\/\"><img loading=\"lazy\" decoding=\"async\" class=\"size-full wp-image-40 alignnone\" src=\"\/wp-content\/uploads\/2014\/01\/Linatex_rullatavarana.jpg\" alt=\"Linatex rullatavarana\" width=\"400\" height=\"250\" \/><\/a><br \/>\n<a title=\"Linatex-slitgummi av naturgummi\" href=\"\/sv\/dampning\/linatex-slitgummi-av-naturgummi\/\"> Linatex-slitgummi<\/a><\/h3>\n<h3 class=\"one-half\"><a title=\"Cylinderformad vibrationsd\u00e4mpare\" href=\"\/sv\/dampning\/cylinderformad-vibrationsdampare\/\"><img loading=\"lazy\" decoding=\"async\" class=\"size-full wp-image-40 alignnone\" src=\"\/wp-content\/uploads\/2014\/01\/lieriovaimentimet.png\" alt=\"lieriovaimentimet\" width=\"400\" height=\"250\" \/><\/a><br \/>\n<a title=\"Cylinderformad vibrationsd\u00e4mpare\" href=\"\/sv\/dampning\/cylinderformad-vibrationsdampare\/\"> Cylinderd\u00e4mpare<\/a><\/h3>\n<h3 class=\"one-half first\"><a title=\"Maskinskor \/ maskinfotter\" href=\"\/sv\/dampning\/maskinskor-maskinfotter\/\"><img loading=\"lazy\" decoding=\"async\" class=\"size-full wp-image-40 alignnone\" src=\"\/wp-content\/uploads\/2014\/01\/konejalat.png\" alt=\"konejalat\" width=\"400\" height=\"250\" \/><\/a><br \/>\n<a title=\"Maskinskor \/ maskinfotter\" href=\"\/sv\/dampning\/maskinskor-maskinfotter\/\"> Maskinskor\/maskinf\u00f6tter<\/a><\/h3>\n","protected":false},"excerpt":{"rendered":"<p>Vaimennustekniikka on ollut osana tuoteohjelmaamme vuosikymmenien ajan. Asiantunteva henkil\u00f6kuntamme auttaa teit\u00e4 valitsemaan oikeanlaisen vaimentimet sovelluksen mukaan. Vaimennustuotteissa olennaisen osan vahvuudestamme muodostaa oma valmistuksemme. Tuotteiden nykyaikainen varastointi mahdollistaa pikatoimitukset ja huoltopalvelumme takaa tuotantonne h\u00e4iri\u00f6tt\u00f6m\u00e4n toiminnan. LV-seriens vibrationsd\u00e4mpare ENIDINE-industrist\u00f6td\u00e4mpare Luftfj\u00e4dringar (Enidine) Vajerd\u00e4mpare\u00a0(Enidine) Linatex-slitgummi Cylinderd\u00e4mpare Maskinskor\/maskinf\u00f6tter<\/p>\n","protected":false},"author":3,"featured_media":0,"parent":0,"menu_order":0,"comment_status":"closed","ping_status":"closed","template":"","meta":{"hide_page_title":"","footnotes":""},"class_list":["post-540","page","type-page","status-publish","hentry"],"yoast_head":"<!-- This site is optimized with the Yoast SEO plugin v26.8 - https:\/\/yoast.com\/product\/yoast-seo-wordpress\/ -->\n<title>D\u00e4mpning -<\/title>\n<meta name=\"robots\" content=\"index, follow, max-snippet:-1, max-image-preview:large, max-video-preview:-1\" \/>\n<link rel=\"canonical\" href=\"https:\/\/www.ytm-lv.fi\/vaimennustekniikka\/\" \/>\n<meta property=\"og:locale\" content=\"sv_SE\" \/>\n<meta property=\"og:type\" content=\"article\" \/>\n<meta property=\"og:title\" content=\"D\u00e4mpning -\" \/>\n<meta property=\"og:description\" content=\"Vaimennustekniikka on ollut osana tuoteohjelmaamme vuosikymmenien ajan. Asiantunteva henkil\u00f6kuntamme auttaa teit\u00e4 valitsemaan oikeanlaisen vaimentimet sovelluksen mukaan. Vaimennustuotteissa olennaisen osan vahvuudestamme muodostaa oma valmistuksemme. Tuotteiden nykyaikainen varastointi mahdollistaa pikatoimitukset ja huoltopalvelumme takaa tuotantonne h\u00e4iri\u00f6tt\u00f6m\u00e4n toiminnan. LV-seriens vibrationsd\u00e4mpare ENIDINE-industrist\u00f6td\u00e4mpare Luftfj\u00e4dringar (Enidine) Vajerd\u00e4mpare\u00a0(Enidine) Linatex-slitgummi Cylinderd\u00e4mpare Maskinskor\/maskinf\u00f6tter\" \/>\n<meta property=\"og:url\" content=\"https:\/\/www.ytm-lv.fi\/vaimennustekniikka\/\" \/>\n<meta property=\"article:publisher\" content=\"https:\/\/www.facebook.com\/ytmindustrial\" \/>\n<meta property=\"article:modified_time\" content=\"2019-07-30T13:00:06+00:00\" \/>\n<meta name=\"twitter:card\" content=\"summary_large_image\" \/>\n<meta name=\"twitter:site\" content=\"@ytmindustrial\" \/>\n<script type=\"application\/ld+json\" class=\"yoast-schema-graph\">{\"@context\":\"https:\/\/schema.org\",\"@graph\":[{\"@type\":\"WebPage\",\"@id\":\"https:\/\/www.ytm-lv.fi\/vaimennustekniikka\/\",\"url\":\"https:\/\/www.ytm-lv.fi\/vaimennustekniikka\/\",\"name\":\"D\u00e4mpning -\",\"isPartOf\":{\"@id\":\"https:\/\/www.ytm-lv.fi\/#website\"},\"datePublished\":\"2014-03-07T08:19:09+00:00\",\"dateModified\":\"2019-07-30T13:00:06+00:00\",\"breadcrumb\":{\"@id\":\"https:\/\/www.ytm-lv.fi\/vaimennustekniikka\/#breadcrumb\"},\"inLanguage\":\"sv-SE\",\"potentialAction\":[{\"@type\":\"ReadAction\",\"target\":[\"https:\/\/www.ytm-lv.fi\/vaimennustekniikka\/\"]}]},{\"@type\":\"BreadcrumbList\",\"@id\":\"https:\/\/www.ytm-lv.fi\/vaimennustekniikka\/#breadcrumb\",\"itemListElement\":[{\"@type\":\"ListItem\",\"position\":1,\"name\":\"Home\",\"item\":\"https:\/\/www.ytm-lv.fi\/sv\/\"},{\"@type\":\"ListItem\",\"position\":2,\"name\":\"D\u00e4mpning\"}]},{\"@type\":\"WebSite\",\"@id\":\"https:\/\/www.ytm-lv.fi\/#website\",\"url\":\"https:\/\/www.ytm-lv.fi\/\",\"name\":\"\",\"description\":\"Korkealuokkaiset kumi- ja vaimennustekniikkatuotteet\",\"potentialAction\":[{\"@type\":\"SearchAction\",\"target\":{\"@type\":\"EntryPoint\",\"urlTemplate\":\"https:\/\/www.ytm-lv.fi\/?s={search_term_string}\"},\"query-input\":{\"@type\":\"PropertyValueSpecification\",\"valueRequired\":true,\"valueName\":\"search_term_string\"}}],\"inLanguage\":\"sv-SE\"}]}<\/script>\n<!-- \/ Yoast SEO plugin. -->","yoast_head_json":{"title":"D\u00e4mpning -","robots":{"index":"index","follow":"follow","max-snippet":"max-snippet:-1","max-image-preview":"max-image-preview:large","max-video-preview":"max-video-preview:-1"},"canonical":"https:\/\/www.ytm-lv.fi\/vaimennustekniikka\/","og_locale":"sv_SE","og_type":"article","og_title":"D\u00e4mpning -","og_description":"Vaimennustekniikka on ollut osana tuoteohjelmaamme vuosikymmenien ajan. Asiantunteva henkil\u00f6kuntamme auttaa teit\u00e4 valitsemaan oikeanlaisen vaimentimet sovelluksen mukaan. Vaimennustuotteissa olennaisen osan vahvuudestamme muodostaa oma valmistuksemme. Tuotteiden nykyaikainen varastointi mahdollistaa pikatoimitukset ja huoltopalvelumme takaa tuotantonne h\u00e4iri\u00f6tt\u00f6m\u00e4n toiminnan. LV-seriens vibrationsd\u00e4mpare ENIDINE-industrist\u00f6td\u00e4mpare Luftfj\u00e4dringar (Enidine) Vajerd\u00e4mpare\u00a0(Enidine) Linatex-slitgummi Cylinderd\u00e4mpare Maskinskor\/maskinf\u00f6tter","og_url":"https:\/\/www.ytm-lv.fi\/vaimennustekniikka\/","article_publisher":"https:\/\/www.facebook.com\/ytmindustrial","article_modified_time":"2019-07-30T13:00:06+00:00","twitter_card":"summary_large_image","twitter_site":"@ytmindustrial","schema":{"@context":"https:\/\/schema.org","@graph":[{"@type":"WebPage","@id":"https:\/\/www.ytm-lv.fi\/vaimennustekniikka\/","url":"https:\/\/www.ytm-lv.fi\/vaimennustekniikka\/","name":"D\u00e4mpning -","isPartOf":{"@id":"https:\/\/www.ytm-lv.fi\/#website"},"datePublished":"2014-03-07T08:19:09+00:00","dateModified":"2019-07-30T13:00:06+00:00","breadcrumb":{"@id":"https:\/\/www.ytm-lv.fi\/vaimennustekniikka\/#breadcrumb"},"inLanguage":"sv-SE","potentialAction":[{"@type":"ReadAction","target":["https:\/\/www.ytm-lv.fi\/vaimennustekniikka\/"]}]},{"@type":"BreadcrumbList","@id":"https:\/\/www.ytm-lv.fi\/vaimennustekniikka\/#breadcrumb","itemListElement":[{"@type":"ListItem","position":1,"name":"Home","item":"https:\/\/www.ytm-lv.fi\/sv\/"},{"@type":"ListItem","position":2,"name":"D\u00e4mpning"}]},{"@type":"WebSite","@id":"https:\/\/www.ytm-lv.fi\/#website","url":"https:\/\/www.ytm-lv.fi\/","name":"","description":"Korkealuokkaiset kumi- ja vaimennustekniikkatuotteet","potentialAction":[{"@type":"SearchAction","target":{"@type":"EntryPoint","urlTemplate":"https:\/\/www.ytm-lv.fi\/?s={search_term_string}"},"query-input":{"@type":"PropertyValueSpecification","valueRequired":true,"valueName":"search_term_string"}}],"inLanguage":"sv-SE"}]}},"_links":{"self":[{"href":"https:\/\/www.ytm-lv.fi\/sv\/wp-json\/wp\/v2\/pages\/540","targetHints":{"allow":["GET"]}}],"collection":[{"href":"https:\/\/www.ytm-lv.fi\/sv\/wp-json\/wp\/v2\/pages"}],"about":[{"href":"https:\/\/www.ytm-lv.fi\/sv\/wp-json\/wp\/v2\/types\/page"}],"author":[{"embeddable":true,"href":"https:\/\/www.ytm-lv.fi\/sv\/wp-json\/wp\/v2\/users\/3"}],"replies":[{"embeddable":true,"href":"https:\/\/www.ytm-lv.fi\/sv\/wp-json\/wp\/v2\/comments?post=540"}],"version-history":[{"count":3,"href":"https:\/\/www.ytm-lv.fi\/sv\/wp-json\/wp\/v2\/pages\/540\/revisions"}],"predecessor-version":[{"id":1313,"href":"https:\/\/www.ytm-lv.fi\/sv\/wp-json\/wp\/v2\/pages\/540\/revisions\/1313"}],"wp:attachment":[{"href":"https:\/\/www.ytm-lv.fi\/sv\/wp-json\/wp\/v2\/media?parent=540"}],"curies":[{"name":"wp","href":"https:\/\/api.w.org\/{rel}","templated":true}]}}