{"id":536,"date":"2014-03-07T10:10:15","date_gmt":"2014-03-07T08:10:15","guid":{"rendered":"http:\/\/www.liningcomponents.fi\/?page_id=536"},"modified":"2014-03-07T10:10:15","modified_gmt":"2014-03-07T08:10:15","slug":"lv40-stotdampare-for-s3-och-s6-klassens-skyddsrum-eller-larmcentraler","status":"publish","type":"page","link":"https:\/\/www.ytm-lv.fi\/sv\/dampning\/lv-seriens-vibrationsdampare-av-stotgummi\/lv40-stotdampare-for-s3-och-s6-klassens-skyddsrum-eller-larmcentraler\/","title":{"rendered":"LV40-st\u00f6td\u00e4mpare f\u00f6r S3- och S6-klassens skyddsrum eller larmcentraler"},"content":{"rendered":"<p><a href=\"http:\/\/www.liningcomponents.fi\/wp-content\/uploads\/2014\/01\/LV40_vaimennin.jpg\"><img loading=\"lazy\" decoding=\"async\" class=\"alignnone size-full wp-image-227\" alt=\"LV40-vaimennin\" src=\"http:\/\/www.liningcomponents.fi\/wp-content\/uploads\/2014\/01\/LV40_vaimennin.jpg\" width=\"624\" height=\"647\" srcset=\"https:\/\/www.ytm-lv.fi\/wp-content\/uploads\/2014\/01\/LV40_vaimennin.jpg 624w, https:\/\/www.ytm-lv.fi\/wp-content\/uploads\/2014\/01\/LV40_vaimennin-289x300.jpg 289w\" sizes=\"auto, (max-width: 624px) 100vw, 624px\" \/><\/a><\/p>\n<p>LV-40, flaggskeppet bland LV-seriens vibrationsd\u00e4mpare, \u00e4r godk\u00e4nd f\u00f6r anv\u00e4ndning i S3- och S6-klassens skyddsrum. LV-seriens d\u00e4mpare \u00e4r av egen produktion. Den unika vibrationsisoleringen m\u00f6jligg\u00f6rs av specialtillverkat naturgummi som anv\u00e4nds som d\u00e4mpande material i LV-seriens d\u00e4mpare. Trots flera \u00e5rs anv\u00e4ndning uppg\u00e5r den statiska s\u00e4ttningen till endast 0\u20135 procent. Materialets elastiska egenskaper f\u00f6rblir of\u00f6r\u00e4ndrade i decennier. Mer information om LV-seriens d\u00e4mpare finns p\u00e5 <a title=\"LV-seriens vibrationsd\u00e4mpare av st\u00f6tgummi\" href=\"http:\/\/www.liningcomponents.fi\/sv\/lv-seriens-vibrationsdampare-av-stotgummi\/\">produktsidan<\/a>.<\/p>\n<h2>LV40-d\u00e4mparen l\u00e4mpar sig bland annat<\/h2>\n<ul>\n<li>f\u00f6r skyddsrum<\/li>\n<li>f\u00f6r larmcentraler<\/li>\n<li>som st\u00f6tskydd i stora anordningar<\/li>\n<\/ul>\n","protected":false},"excerpt":{"rendered":"<p>LV-40, flaggskeppet bland LV-seriens vibrationsd\u00e4mpare, \u00e4r godk\u00e4nd f\u00f6r anv\u00e4ndning i S3- och S6-klassens skyddsrum. LV-seriens d\u00e4mpare \u00e4r av egen produktion. Den unika vibrationsisoleringen m\u00f6jligg\u00f6rs av specialtillverkat naturgummi som anv\u00e4nds som d\u00e4mpande material i LV-seriens d\u00e4mpare. Trots flera \u00e5rs anv\u00e4ndning uppg\u00e5r den statiska s\u00e4ttningen till endast 0\u20135 procent. Materialets elastiska egenskaper f\u00f6rblir of\u00f6r\u00e4ndrade i decennier. Mer [&hellip;]<\/p>\n","protected":false},"author":3,"featured_media":0,"parent":531,"menu_order":0,"comment_status":"closed","ping_status":"closed","template":"","meta":{"hide_page_title":"","footnotes":""},"class_list":["post-536","page","type-page","status-publish","hentry"],"yoast_head":"<!-- This site is optimized with the Yoast SEO plugin v26.8 - https:\/\/yoast.com\/product\/yoast-seo-wordpress\/ -->\n<title>LV40-st\u00f6td\u00e4mpare f\u00f6r S3- och S6-klassens skyddsrum eller larmcentraler -<\/title>\n<meta name=\"robots\" content=\"index, follow, max-snippet:-1, max-image-preview:large, max-video-preview:-1\" \/>\n<link rel=\"canonical\" href=\"https:\/\/www.ytm-lv.fi\/vaimennustekniikka\/lv-sarjan-tarinanvaimentimet\/lv40-tarahdysvaimentimet-s3s6-luokan-kohteisiin\/\" \/>\n<meta property=\"og:locale\" content=\"sv_SE\" \/>\n<meta property=\"og:type\" content=\"article\" \/>\n<meta property=\"og:title\" content=\"LV40-st\u00f6td\u00e4mpare f\u00f6r S3- och S6-klassens skyddsrum eller larmcentraler -\" \/>\n<meta property=\"og:description\" content=\"LV-40, flaggskeppet bland LV-seriens vibrationsd\u00e4mpare, \u00e4r godk\u00e4nd f\u00f6r anv\u00e4ndning i S3- och S6-klassens skyddsrum. LV-seriens d\u00e4mpare \u00e4r av egen produktion. Den unika vibrationsisoleringen m\u00f6jligg\u00f6rs av specialtillverkat naturgummi som anv\u00e4nds som d\u00e4mpande material i LV-seriens d\u00e4mpare. Trots flera \u00e5rs anv\u00e4ndning uppg\u00e5r den statiska s\u00e4ttningen till endast 0\u20135 procent. Materialets elastiska egenskaper f\u00f6rblir of\u00f6r\u00e4ndrade i decennier. Mer [&hellip;]\" \/>\n<meta property=\"og:url\" content=\"https:\/\/www.ytm-lv.fi\/vaimennustekniikka\/lv-sarjan-tarinanvaimentimet\/lv40-tarahdysvaimentimet-s3s6-luokan-kohteisiin\/\" \/>\n<meta property=\"article:publisher\" content=\"https:\/\/www.facebook.com\/ytmindustrial\" \/>\n<meta property=\"og:image\" content=\"http:\/\/www.liningcomponents.fi\/wp-content\/uploads\/2014\/01\/LV40_vaimennin.jpg\" \/>\n<meta name=\"twitter:card\" content=\"summary_large_image\" \/>\n<meta name=\"twitter:site\" content=\"@ytmindustrial\" \/>\n<meta name=\"twitter:label1\" content=\"Ber\u00e4knad l\u00e4stid\" \/>\n\t<meta name=\"twitter:data1\" content=\"1 minut\" \/>\n<script type=\"application\/ld+json\" class=\"yoast-schema-graph\">{\"@context\":\"https:\/\/schema.org\",\"@graph\":[{\"@type\":\"WebPage\",\"@id\":\"https:\/\/www.ytm-lv.fi\/vaimennustekniikka\/lv-sarjan-tarinanvaimentimet\/lv40-tarahdysvaimentimet-s3s6-luokan-kohteisiin\/\",\"url\":\"https:\/\/www.ytm-lv.fi\/vaimennustekniikka\/lv-sarjan-tarinanvaimentimet\/lv40-tarahdysvaimentimet-s3s6-luokan-kohteisiin\/\",\"name\":\"LV40-st\u00f6td\u00e4mpare f\u00f6r S3- och S6-klassens skyddsrum eller larmcentraler -\",\"isPartOf\":{\"@id\":\"https:\/\/www.ytm-lv.fi\/#website\"},\"primaryImageOfPage\":{\"@id\":\"https:\/\/www.ytm-lv.fi\/vaimennustekniikka\/lv-sarjan-tarinanvaimentimet\/lv40-tarahdysvaimentimet-s3s6-luokan-kohteisiin\/#primaryimage\"},\"image\":{\"@id\":\"https:\/\/www.ytm-lv.fi\/vaimennustekniikka\/lv-sarjan-tarinanvaimentimet\/lv40-tarahdysvaimentimet-s3s6-luokan-kohteisiin\/#primaryimage\"},\"thumbnailUrl\":\"http:\/\/www.liningcomponents.fi\/wp-content\/uploads\/2014\/01\/LV40_vaimennin.jpg\",\"datePublished\":\"2014-03-07T08:10:15+00:00\",\"breadcrumb\":{\"@id\":\"https:\/\/www.ytm-lv.fi\/vaimennustekniikka\/lv-sarjan-tarinanvaimentimet\/lv40-tarahdysvaimentimet-s3s6-luokan-kohteisiin\/#breadcrumb\"},\"inLanguage\":\"sv-SE\",\"potentialAction\":[{\"@type\":\"ReadAction\",\"target\":[\"https:\/\/www.ytm-lv.fi\/vaimennustekniikka\/lv-sarjan-tarinanvaimentimet\/lv40-tarahdysvaimentimet-s3s6-luokan-kohteisiin\/\"]}]},{\"@type\":\"ImageObject\",\"inLanguage\":\"sv-SE\",\"@id\":\"https:\/\/www.ytm-lv.fi\/vaimennustekniikka\/lv-sarjan-tarinanvaimentimet\/lv40-tarahdysvaimentimet-s3s6-luokan-kohteisiin\/#primaryimage\",\"url\":\"http:\/\/www.liningcomponents.fi\/wp-content\/uploads\/2014\/01\/LV40_vaimennin.jpg\",\"contentUrl\":\"http:\/\/www.liningcomponents.fi\/wp-content\/uploads\/2014\/01\/LV40_vaimennin.jpg\"},{\"@type\":\"BreadcrumbList\",\"@id\":\"https:\/\/www.ytm-lv.fi\/vaimennustekniikka\/lv-sarjan-tarinanvaimentimet\/lv40-tarahdysvaimentimet-s3s6-luokan-kohteisiin\/#breadcrumb\",\"itemListElement\":[{\"@type\":\"ListItem\",\"position\":1,\"name\":\"Home\",\"item\":\"https:\/\/www.ytm-lv.fi\/sv\/\"},{\"@type\":\"ListItem\",\"position\":2,\"name\":\"D\u00e4mpning\",\"item\":\"https:\/\/www.ytm-lv.fi\/vaimennustekniikka\/\"},{\"@type\":\"ListItem\",\"position\":3,\"name\":\"YTM-LV-seriens vibrationsd\u00e4mpare\",\"item\":\"https:\/\/www.ytm-lv.fi\/vaimennustekniikka\/lv-sarjan-tarinanvaimentimet\/\"},{\"@type\":\"ListItem\",\"position\":4,\"name\":\"LV40-st\u00f6td\u00e4mpare f\u00f6r S3- och S6-klassens skyddsrum eller larmcentraler\"}]},{\"@type\":\"WebSite\",\"@id\":\"https:\/\/www.ytm-lv.fi\/#website\",\"url\":\"https:\/\/www.ytm-lv.fi\/\",\"name\":\"\",\"description\":\"Korkealuokkaiset kumi- ja vaimennustekniikkatuotteet\",\"potentialAction\":[{\"@type\":\"SearchAction\",\"target\":{\"@type\":\"EntryPoint\",\"urlTemplate\":\"https:\/\/www.ytm-lv.fi\/?s={search_term_string}\"},\"query-input\":{\"@type\":\"PropertyValueSpecification\",\"valueRequired\":true,\"valueName\":\"search_term_string\"}}],\"inLanguage\":\"sv-SE\"}]}<\/script>\n<!-- \/ Yoast SEO plugin. -->","yoast_head_json":{"title":"LV40-st\u00f6td\u00e4mpare f\u00f6r S3- och S6-klassens skyddsrum eller larmcentraler -","robots":{"index":"index","follow":"follow","max-snippet":"max-snippet:-1","max-image-preview":"max-image-preview:large","max-video-preview":"max-video-preview:-1"},"canonical":"https:\/\/www.ytm-lv.fi\/vaimennustekniikka\/lv-sarjan-tarinanvaimentimet\/lv40-tarahdysvaimentimet-s3s6-luokan-kohteisiin\/","og_locale":"sv_SE","og_type":"article","og_title":"LV40-st\u00f6td\u00e4mpare f\u00f6r S3- och S6-klassens skyddsrum eller larmcentraler -","og_description":"LV-40, flaggskeppet bland LV-seriens vibrationsd\u00e4mpare, \u00e4r godk\u00e4nd f\u00f6r anv\u00e4ndning i S3- och S6-klassens skyddsrum. LV-seriens d\u00e4mpare \u00e4r av egen produktion. Den unika vibrationsisoleringen m\u00f6jligg\u00f6rs av specialtillverkat naturgummi som anv\u00e4nds som d\u00e4mpande material i LV-seriens d\u00e4mpare. Trots flera \u00e5rs anv\u00e4ndning uppg\u00e5r den statiska s\u00e4ttningen till endast 0\u20135 procent. Materialets elastiska egenskaper f\u00f6rblir of\u00f6r\u00e4ndrade i decennier. Mer [&hellip;]","og_url":"https:\/\/www.ytm-lv.fi\/vaimennustekniikka\/lv-sarjan-tarinanvaimentimet\/lv40-tarahdysvaimentimet-s3s6-luokan-kohteisiin\/","article_publisher":"https:\/\/www.facebook.com\/ytmindustrial","og_image":[{"url":"http:\/\/www.liningcomponents.fi\/wp-content\/uploads\/2014\/01\/LV40_vaimennin.jpg","type":"","width":"","height":""}],"twitter_card":"summary_large_image","twitter_site":"@ytmindustrial","twitter_misc":{"Ber\u00e4knad l\u00e4stid":"1 minut"},"schema":{"@context":"https:\/\/schema.org","@graph":[{"@type":"WebPage","@id":"https:\/\/www.ytm-lv.fi\/vaimennustekniikka\/lv-sarjan-tarinanvaimentimet\/lv40-tarahdysvaimentimet-s3s6-luokan-kohteisiin\/","url":"https:\/\/www.ytm-lv.fi\/vaimennustekniikka\/lv-sarjan-tarinanvaimentimet\/lv40-tarahdysvaimentimet-s3s6-luokan-kohteisiin\/","name":"LV40-st\u00f6td\u00e4mpare f\u00f6r S3- och S6-klassens skyddsrum eller larmcentraler -","isPartOf":{"@id":"https:\/\/www.ytm-lv.fi\/#website"},"primaryImageOfPage":{"@id":"https:\/\/www.ytm-lv.fi\/vaimennustekniikka\/lv-sarjan-tarinanvaimentimet\/lv40-tarahdysvaimentimet-s3s6-luokan-kohteisiin\/#primaryimage"},"image":{"@id":"https:\/\/www.ytm-lv.fi\/vaimennustekniikka\/lv-sarjan-tarinanvaimentimet\/lv40-tarahdysvaimentimet-s3s6-luokan-kohteisiin\/#primaryimage"},"thumbnailUrl":"http:\/\/www.liningcomponents.fi\/wp-content\/uploads\/2014\/01\/LV40_vaimennin.jpg","datePublished":"2014-03-07T08:10:15+00:00","breadcrumb":{"@id":"https:\/\/www.ytm-lv.fi\/vaimennustekniikka\/lv-sarjan-tarinanvaimentimet\/lv40-tarahdysvaimentimet-s3s6-luokan-kohteisiin\/#breadcrumb"},"inLanguage":"sv-SE","potentialAction":[{"@type":"ReadAction","target":["https:\/\/www.ytm-lv.fi\/vaimennustekniikka\/lv-sarjan-tarinanvaimentimet\/lv40-tarahdysvaimentimet-s3s6-luokan-kohteisiin\/"]}]},{"@type":"ImageObject","inLanguage":"sv-SE","@id":"https:\/\/www.ytm-lv.fi\/vaimennustekniikka\/lv-sarjan-tarinanvaimentimet\/lv40-tarahdysvaimentimet-s3s6-luokan-kohteisiin\/#primaryimage","url":"http:\/\/www.liningcomponents.fi\/wp-content\/uploads\/2014\/01\/LV40_vaimennin.jpg","contentUrl":"http:\/\/www.liningcomponents.fi\/wp-content\/uploads\/2014\/01\/LV40_vaimennin.jpg"},{"@type":"BreadcrumbList","@id":"https:\/\/www.ytm-lv.fi\/vaimennustekniikka\/lv-sarjan-tarinanvaimentimet\/lv40-tarahdysvaimentimet-s3s6-luokan-kohteisiin\/#breadcrumb","itemListElement":[{"@type":"ListItem","position":1,"name":"Home","item":"https:\/\/www.ytm-lv.fi\/sv\/"},{"@type":"ListItem","position":2,"name":"D\u00e4mpning","item":"https:\/\/www.ytm-lv.fi\/vaimennustekniikka\/"},{"@type":"ListItem","position":3,"name":"YTM-LV-seriens vibrationsd\u00e4mpare","item":"https:\/\/www.ytm-lv.fi\/vaimennustekniikka\/lv-sarjan-tarinanvaimentimet\/"},{"@type":"ListItem","position":4,"name":"LV40-st\u00f6td\u00e4mpare f\u00f6r S3- och S6-klassens skyddsrum eller larmcentraler"}]},{"@type":"WebSite","@id":"https:\/\/www.ytm-lv.fi\/#website","url":"https:\/\/www.ytm-lv.fi\/","name":"","description":"Korkealuokkaiset kumi- ja vaimennustekniikkatuotteet","potentialAction":[{"@type":"SearchAction","target":{"@type":"EntryPoint","urlTemplate":"https:\/\/www.ytm-lv.fi\/?s={search_term_string}"},"query-input":{"@type":"PropertyValueSpecification","valueRequired":true,"valueName":"search_term_string"}}],"inLanguage":"sv-SE"}]}},"_links":{"self":[{"href":"https:\/\/www.ytm-lv.fi\/sv\/wp-json\/wp\/v2\/pages\/536","targetHints":{"allow":["GET"]}}],"collection":[{"href":"https:\/\/www.ytm-lv.fi\/sv\/wp-json\/wp\/v2\/pages"}],"about":[{"href":"https:\/\/www.ytm-lv.fi\/sv\/wp-json\/wp\/v2\/types\/page"}],"author":[{"embeddable":true,"href":"https:\/\/www.ytm-lv.fi\/sv\/wp-json\/wp\/v2\/users\/3"}],"replies":[{"embeddable":true,"href":"https:\/\/www.ytm-lv.fi\/sv\/wp-json\/wp\/v2\/comments?post=536"}],"version-history":[{"count":1,"href":"https:\/\/www.ytm-lv.fi\/sv\/wp-json\/wp\/v2\/pages\/536\/revisions"}],"predecessor-version":[{"id":537,"href":"https:\/\/www.ytm-lv.fi\/sv\/wp-json\/wp\/v2\/pages\/536\/revisions\/537"}],"up":[{"embeddable":true,"href":"https:\/\/www.ytm-lv.fi\/sv\/wp-json\/wp\/v2\/pages\/531"}],"wp:attachment":[{"href":"https:\/\/www.ytm-lv.fi\/sv\/wp-json\/wp\/v2\/media?parent=536"}],"curies":[{"name":"wp","href":"https:\/\/api.w.org\/{rel}","templated":true}]}}