{"id":531,"date":"2014-03-07T10:03:31","date_gmt":"2014-03-07T08:03:31","guid":{"rendered":"http:\/\/www.liningcomponents.fi\/?page_id=531"},"modified":"2019-07-30T16:22:50","modified_gmt":"2019-07-30T13:22:50","slug":"lv-seriens-vibrationsdampare-av-stotgummi","status":"publish","type":"page","link":"https:\/\/www.ytm-lv.fi\/sv\/dampning\/lv-seriens-vibrationsdampare-av-stotgummi\/","title":{"rendered":"YTM-LV-seriens vibrationsd\u00e4mpare"},"content":{"rendered":"<h2><img loading=\"lazy\" decoding=\"async\" class=\"size-full wp-image-40 alignnone\" style=\"font-size: 14px; line-height: 1.5em;\" src=\"http:\/\/www.liningcomponents.fi\/wp-content\/uploads\/2014\/01\/vaimentimet.jpg\" alt=\"vaimentimet\" width=\"726\" height=\"318\" srcset=\"https:\/\/www.ytm-lv.fi\/wp-content\/uploads\/2014\/01\/vaimentimet.jpg 726w, https:\/\/www.ytm-lv.fi\/wp-content\/uploads\/2014\/01\/vaimentimet-300x131.jpg 300w\" sizes=\"auto, (max-width: 726px) 100vw, 726px\" \/><\/h2>\n<h2>Unik vibrationsd\u00e4mpning<\/h2>\n<ul>\n<li>YTM-LV-serien l\u00e4mpar sig f\u00f6r vibrationsd\u00e4mpning i en rad olika maskiner och apparater.<\/li>\n<li>Det finns flera olika f\u00e4stnings- och monteringsalternativ, kan \u00e4ven anpassas enligt kundens \u00f6nskem\u00e5l.<\/li>\n<li>Den zinkbelagda st\u00e5lskivan skyddar naturgummit fr\u00e5n mekaniska skador, organiska l\u00f6sningar och bland annat UV-str\u00e5lning.<\/li>\n<\/ul>\n<p>YTM-LV-seriens vibrationsd\u00e4mpare d\u00e4mpar vibrationer fr\u00e5n alla h\u00e5ll. Trots fler\u00e5rig anv\u00e4ndning f\u00f6rblir den statiska s\u00e4ttningen endast 0-5 procent. Materialets elastiska egenskaper f\u00f6rblir of\u00f6r\u00e4ndrade i \u00e5rtionden. M\u00e4tningar samt \u00e5rtiondens erfarenhet bevisar YTM-LV-seriens \u00f6verl\u00e4gsenhet.<\/p>\n<ul>\n<li>Tv\u00e5 resonansomr\u00e5den, det horisontella (C) och det vertikala (D), varav b\u00e5da \u00e4r cirka 4 Hz.<\/li>\n<li>Frekvensomr\u00e5det mellan de horisontella och vertikala resonansomr\u00e5dena ger lika effektiv d\u00e4mpning som ett \u00f6verkritiskt (1,5-4,5 Hz) frekvensomr\u00e5de.<\/li>\n<li>Total d\u00e4mpning uppn\u00e5s direkt efter det vertikala resonansomr\u00e5det.<\/li>\n<li>Den unika vibrationsd\u00e4mpningen uppn\u00e5s med hj\u00e4lp av specialframst\u00e4llt naturgummi, vilket anv\u00e4nds som d\u00e4mpningsmaterial i YTM-LV-serien.<\/li>\n<\/ul>\n<p>Gummit best\u00e5r till 95 procent av rent r\u00e5gummi, som har framst\u00e4llts av r\u00e5 latex utan tillsats av skadliga kemikalier eller mineraler. Gummit har \u00e4ven specialbehandlats f\u00f6r att det inte ska genomg\u00e5 en statisk formf\u00f6r\u00e4ndring.<\/p>\n<p>Resultatet \u00e4r ett mycket homogent material d\u00e4r naturgummits elasticitet och &#8221;sj\u00e4l&#8221; inte har f\u00f6rst\u00f6rts. V\u00e5rt f\u00f6retag har erfarenhet av vibrationsd\u00e4mpning och tillverkning av d\u00e4mpningsapparater sedan \u00e5rtionden tillbaka.<\/p>\n<p>Utnyttja v\u00e5r kompetens till din f\u00f6rdel.<\/p>\n<h2>Anv\u00e4ndningsomr\u00e5den<\/h2>\n<p>N\u00e4r det g\u00e4ller vibrationsd\u00e4mpare h\u00f6r bland annat tillverkare av fl\u00e4ktar och ventilationsaggregat samt byggindustrif\u00f6retag som beh\u00f6ver akustiska l\u00f6sningar f\u00f6r vibrationsd\u00e4mpning till v\u00e5ra kunder.<\/p>\n<p>Mer information om dimensioner och tekniska data f\u00f6r YTM-LV-seriens vibrationsd\u00e4mpare finns i produktgruppens <a href=\"\/..\/pdf\/YTM-Industrial_-_LV-series_vibration_dampers_(EN).pdf\">produktblad<\/a>.<\/p>\n","protected":false},"excerpt":{"rendered":"<p>Unik vibrationsd\u00e4mpning YTM-LV-serien l\u00e4mpar sig f\u00f6r vibrationsd\u00e4mpning i en rad olika maskiner och apparater. Det finns flera olika f\u00e4stnings- och monteringsalternativ, kan \u00e4ven anpassas enligt kundens \u00f6nskem\u00e5l. Den zinkbelagda st\u00e5lskivan skyddar naturgummit fr\u00e5n mekaniska skador, organiska l\u00f6sningar och bland annat UV-str\u00e5lning. YTM-LV-seriens vibrationsd\u00e4mpare d\u00e4mpar vibrationer fr\u00e5n alla h\u00e5ll. Trots fler\u00e5rig anv\u00e4ndning f\u00f6rblir den statiska s\u00e4ttningen [&hellip;]<\/p>\n","protected":false},"author":3,"featured_media":0,"parent":540,"menu_order":0,"comment_status":"closed","ping_status":"closed","template":"","meta":{"hide_page_title":"","footnotes":""},"class_list":["post-531","page","type-page","status-publish","hentry"],"yoast_head":"<!-- This site is optimized with the Yoast SEO plugin v26.8 - https:\/\/yoast.com\/product\/yoast-seo-wordpress\/ -->\n<title>YTM-LV-seriens vibrationsd\u00e4mpare -<\/title>\n<meta name=\"robots\" content=\"index, follow, max-snippet:-1, max-image-preview:large, max-video-preview:-1\" \/>\n<link rel=\"canonical\" href=\"https:\/\/www.ytm-lv.fi\/vaimennustekniikka\/lv-sarjan-tarinanvaimentimet\/\" \/>\n<meta property=\"og:locale\" content=\"sv_SE\" \/>\n<meta property=\"og:type\" content=\"article\" \/>\n<meta property=\"og:title\" content=\"YTM-LV-seriens vibrationsd\u00e4mpare -\" \/>\n<meta property=\"og:description\" content=\"Unik vibrationsd\u00e4mpning YTM-LV-serien l\u00e4mpar sig f\u00f6r vibrationsd\u00e4mpning i en rad olika maskiner och apparater. Det finns flera olika f\u00e4stnings- och monteringsalternativ, kan \u00e4ven anpassas enligt kundens \u00f6nskem\u00e5l. Den zinkbelagda st\u00e5lskivan skyddar naturgummit fr\u00e5n mekaniska skador, organiska l\u00f6sningar och bland annat UV-str\u00e5lning. YTM-LV-seriens vibrationsd\u00e4mpare d\u00e4mpar vibrationer fr\u00e5n alla h\u00e5ll. Trots fler\u00e5rig anv\u00e4ndning f\u00f6rblir den statiska s\u00e4ttningen [&hellip;]\" \/>\n<meta property=\"og:url\" content=\"https:\/\/www.ytm-lv.fi\/vaimennustekniikka\/lv-sarjan-tarinanvaimentimet\/\" \/>\n<meta property=\"article:publisher\" content=\"https:\/\/www.facebook.com\/ytmindustrial\" \/>\n<meta property=\"article:modified_time\" content=\"2019-07-30T13:22:50+00:00\" \/>\n<meta property=\"og:image\" content=\"http:\/\/www.liningcomponents.fi\/wp-content\/uploads\/2014\/01\/vaimentimet.jpg\" \/>\n<meta name=\"twitter:card\" content=\"summary_large_image\" \/>\n<meta name=\"twitter:site\" content=\"@ytmindustrial\" \/>\n<meta name=\"twitter:label1\" content=\"Ber\u00e4knad l\u00e4stid\" \/>\n\t<meta name=\"twitter:data1\" content=\"1 minut\" \/>\n<script type=\"application\/ld+json\" class=\"yoast-schema-graph\">{\"@context\":\"https:\/\/schema.org\",\"@graph\":[{\"@type\":\"WebPage\",\"@id\":\"https:\/\/www.ytm-lv.fi\/vaimennustekniikka\/lv-sarjan-tarinanvaimentimet\/\",\"url\":\"https:\/\/www.ytm-lv.fi\/vaimennustekniikka\/lv-sarjan-tarinanvaimentimet\/\",\"name\":\"YTM-LV-seriens vibrationsd\u00e4mpare -\",\"isPartOf\":{\"@id\":\"https:\/\/www.ytm-lv.fi\/#website\"},\"primaryImageOfPage\":{\"@id\":\"https:\/\/www.ytm-lv.fi\/vaimennustekniikka\/lv-sarjan-tarinanvaimentimet\/#primaryimage\"},\"image\":{\"@id\":\"https:\/\/www.ytm-lv.fi\/vaimennustekniikka\/lv-sarjan-tarinanvaimentimet\/#primaryimage\"},\"thumbnailUrl\":\"http:\/\/www.liningcomponents.fi\/wp-content\/uploads\/2014\/01\/vaimentimet.jpg\",\"datePublished\":\"2014-03-07T08:03:31+00:00\",\"dateModified\":\"2019-07-30T13:22:50+00:00\",\"breadcrumb\":{\"@id\":\"https:\/\/www.ytm-lv.fi\/vaimennustekniikka\/lv-sarjan-tarinanvaimentimet\/#breadcrumb\"},\"inLanguage\":\"sv-SE\",\"potentialAction\":[{\"@type\":\"ReadAction\",\"target\":[\"https:\/\/www.ytm-lv.fi\/vaimennustekniikka\/lv-sarjan-tarinanvaimentimet\/\"]}]},{\"@type\":\"ImageObject\",\"inLanguage\":\"sv-SE\",\"@id\":\"https:\/\/www.ytm-lv.fi\/vaimennustekniikka\/lv-sarjan-tarinanvaimentimet\/#primaryimage\",\"url\":\"http:\/\/www.liningcomponents.fi\/wp-content\/uploads\/2014\/01\/vaimentimet.jpg\",\"contentUrl\":\"http:\/\/www.liningcomponents.fi\/wp-content\/uploads\/2014\/01\/vaimentimet.jpg\"},{\"@type\":\"BreadcrumbList\",\"@id\":\"https:\/\/www.ytm-lv.fi\/vaimennustekniikka\/lv-sarjan-tarinanvaimentimet\/#breadcrumb\",\"itemListElement\":[{\"@type\":\"ListItem\",\"position\":1,\"name\":\"Home\",\"item\":\"https:\/\/www.ytm-lv.fi\/sv\/\"},{\"@type\":\"ListItem\",\"position\":2,\"name\":\"D\u00e4mpning\",\"item\":\"https:\/\/www.ytm-lv.fi\/vaimennustekniikka\/\"},{\"@type\":\"ListItem\",\"position\":3,\"name\":\"YTM-LV-seriens vibrationsd\u00e4mpare\"}]},{\"@type\":\"WebSite\",\"@id\":\"https:\/\/www.ytm-lv.fi\/#website\",\"url\":\"https:\/\/www.ytm-lv.fi\/\",\"name\":\"\",\"description\":\"Korkealuokkaiset kumi- ja vaimennustekniikkatuotteet\",\"potentialAction\":[{\"@type\":\"SearchAction\",\"target\":{\"@type\":\"EntryPoint\",\"urlTemplate\":\"https:\/\/www.ytm-lv.fi\/?s={search_term_string}\"},\"query-input\":{\"@type\":\"PropertyValueSpecification\",\"valueRequired\":true,\"valueName\":\"search_term_string\"}}],\"inLanguage\":\"sv-SE\"}]}<\/script>\n<!-- \/ Yoast SEO plugin. -->","yoast_head_json":{"title":"YTM-LV-seriens vibrationsd\u00e4mpare -","robots":{"index":"index","follow":"follow","max-snippet":"max-snippet:-1","max-image-preview":"max-image-preview:large","max-video-preview":"max-video-preview:-1"},"canonical":"https:\/\/www.ytm-lv.fi\/vaimennustekniikka\/lv-sarjan-tarinanvaimentimet\/","og_locale":"sv_SE","og_type":"article","og_title":"YTM-LV-seriens vibrationsd\u00e4mpare -","og_description":"Unik vibrationsd\u00e4mpning YTM-LV-serien l\u00e4mpar sig f\u00f6r vibrationsd\u00e4mpning i en rad olika maskiner och apparater. Det finns flera olika f\u00e4stnings- och monteringsalternativ, kan \u00e4ven anpassas enligt kundens \u00f6nskem\u00e5l. Den zinkbelagda st\u00e5lskivan skyddar naturgummit fr\u00e5n mekaniska skador, organiska l\u00f6sningar och bland annat UV-str\u00e5lning. YTM-LV-seriens vibrationsd\u00e4mpare d\u00e4mpar vibrationer fr\u00e5n alla h\u00e5ll. Trots fler\u00e5rig anv\u00e4ndning f\u00f6rblir den statiska s\u00e4ttningen [&hellip;]","og_url":"https:\/\/www.ytm-lv.fi\/vaimennustekniikka\/lv-sarjan-tarinanvaimentimet\/","article_publisher":"https:\/\/www.facebook.com\/ytmindustrial","article_modified_time":"2019-07-30T13:22:50+00:00","og_image":[{"url":"http:\/\/www.liningcomponents.fi\/wp-content\/uploads\/2014\/01\/vaimentimet.jpg","type":"","width":"","height":""}],"twitter_card":"summary_large_image","twitter_site":"@ytmindustrial","twitter_misc":{"Ber\u00e4knad l\u00e4stid":"1 minut"},"schema":{"@context":"https:\/\/schema.org","@graph":[{"@type":"WebPage","@id":"https:\/\/www.ytm-lv.fi\/vaimennustekniikka\/lv-sarjan-tarinanvaimentimet\/","url":"https:\/\/www.ytm-lv.fi\/vaimennustekniikka\/lv-sarjan-tarinanvaimentimet\/","name":"YTM-LV-seriens vibrationsd\u00e4mpare -","isPartOf":{"@id":"https:\/\/www.ytm-lv.fi\/#website"},"primaryImageOfPage":{"@id":"https:\/\/www.ytm-lv.fi\/vaimennustekniikka\/lv-sarjan-tarinanvaimentimet\/#primaryimage"},"image":{"@id":"https:\/\/www.ytm-lv.fi\/vaimennustekniikka\/lv-sarjan-tarinanvaimentimet\/#primaryimage"},"thumbnailUrl":"http:\/\/www.liningcomponents.fi\/wp-content\/uploads\/2014\/01\/vaimentimet.jpg","datePublished":"2014-03-07T08:03:31+00:00","dateModified":"2019-07-30T13:22:50+00:00","breadcrumb":{"@id":"https:\/\/www.ytm-lv.fi\/vaimennustekniikka\/lv-sarjan-tarinanvaimentimet\/#breadcrumb"},"inLanguage":"sv-SE","potentialAction":[{"@type":"ReadAction","target":["https:\/\/www.ytm-lv.fi\/vaimennustekniikka\/lv-sarjan-tarinanvaimentimet\/"]}]},{"@type":"ImageObject","inLanguage":"sv-SE","@id":"https:\/\/www.ytm-lv.fi\/vaimennustekniikka\/lv-sarjan-tarinanvaimentimet\/#primaryimage","url":"http:\/\/www.liningcomponents.fi\/wp-content\/uploads\/2014\/01\/vaimentimet.jpg","contentUrl":"http:\/\/www.liningcomponents.fi\/wp-content\/uploads\/2014\/01\/vaimentimet.jpg"},{"@type":"BreadcrumbList","@id":"https:\/\/www.ytm-lv.fi\/vaimennustekniikka\/lv-sarjan-tarinanvaimentimet\/#breadcrumb","itemListElement":[{"@type":"ListItem","position":1,"name":"Home","item":"https:\/\/www.ytm-lv.fi\/sv\/"},{"@type":"ListItem","position":2,"name":"D\u00e4mpning","item":"https:\/\/www.ytm-lv.fi\/vaimennustekniikka\/"},{"@type":"ListItem","position":3,"name":"YTM-LV-seriens vibrationsd\u00e4mpare"}]},{"@type":"WebSite","@id":"https:\/\/www.ytm-lv.fi\/#website","url":"https:\/\/www.ytm-lv.fi\/","name":"","description":"Korkealuokkaiset kumi- ja vaimennustekniikkatuotteet","potentialAction":[{"@type":"SearchAction","target":{"@type":"EntryPoint","urlTemplate":"https:\/\/www.ytm-lv.fi\/?s={search_term_string}"},"query-input":{"@type":"PropertyValueSpecification","valueRequired":true,"valueName":"search_term_string"}}],"inLanguage":"sv-SE"}]}},"_links":{"self":[{"href":"https:\/\/www.ytm-lv.fi\/sv\/wp-json\/wp\/v2\/pages\/531","targetHints":{"allow":["GET"]}}],"collection":[{"href":"https:\/\/www.ytm-lv.fi\/sv\/wp-json\/wp\/v2\/pages"}],"about":[{"href":"https:\/\/www.ytm-lv.fi\/sv\/wp-json\/wp\/v2\/types\/page"}],"author":[{"embeddable":true,"href":"https:\/\/www.ytm-lv.fi\/sv\/wp-json\/wp\/v2\/users\/3"}],"replies":[{"embeddable":true,"href":"https:\/\/www.ytm-lv.fi\/sv\/wp-json\/wp\/v2\/comments?post=531"}],"version-history":[{"count":3,"href":"https:\/\/www.ytm-lv.fi\/sv\/wp-json\/wp\/v2\/pages\/531\/revisions"}],"predecessor-version":[{"id":1317,"href":"https:\/\/www.ytm-lv.fi\/sv\/wp-json\/wp\/v2\/pages\/531\/revisions\/1317"}],"up":[{"embeddable":true,"href":"https:\/\/www.ytm-lv.fi\/sv\/wp-json\/wp\/v2\/pages\/540"}],"wp:attachment":[{"href":"https:\/\/www.ytm-lv.fi\/sv\/wp-json\/wp\/v2\/media?parent=531"}],"curies":[{"name":"wp","href":"https:\/\/api.w.org\/{rel}","templated":true}]}}