{"id":522,"date":"2014-03-07T09:43:59","date_gmt":"2014-03-07T07:43:59","guid":{"rendered":"http:\/\/www.liningcomponents.fi\/?page_id=522"},"modified":"2014-03-07T09:43:59","modified_gmt":"2014-03-07T07:43:59","slug":"maskinskor-maskinfotter","status":"publish","type":"page","link":"https:\/\/www.ytm-lv.fi\/sv\/dampning\/maskinskor-maskinfotter\/","title":{"rendered":"Maskinskor \/ maskinfotter"},"content":{"rendered":"<p><a href=\"http:\/\/www.liningcomponents.fi\/wp-content\/uploads\/2014\/01\/konejalat.jpg\"><img loading=\"lazy\" decoding=\"async\" class=\"alignnone size-full wp-image-224\" alt=\"konejalat\" src=\"http:\/\/www.liningcomponents.fi\/wp-content\/uploads\/2014\/01\/konejalat.jpg\" width=\"750\" height=\"481\" srcset=\"https:\/\/www.ytm-lv.fi\/wp-content\/uploads\/2014\/01\/konejalat.jpg 750w, https:\/\/www.ytm-lv.fi\/wp-content\/uploads\/2014\/01\/konejalat-300x192.jpg 300w\" sizes=\"auto, (max-width: 750px) 100vw, 750px\" \/><\/a><\/p>\n<ul>\n<li>M8 &#8211; M24 g\u00e4nga<\/li>\n<li>Max last 4000 kg<\/li>\n<li>Diametrar 40 &#8211; 200 mm<\/li>\n<\/ul>\n<h2>F\u00f6rzinkat:<\/h2>\n<p><img loading=\"lazy\" decoding=\"async\" class=\"alignright\" alt=\"\" src=\"\/old_pics\/Konejalka_EA-sarja.jpg\" width=\"250\" height=\"169\" \/><\/p>\n<h3>EA-serien<\/h3>\n<ul>\n<li>Max last 500 Kg<\/li>\n<li><a class=\"pdf_open\" onclick=\"recordOutboundLink(this, 'PDF avattu', 'konejalat');return false;\" href=\"\/pdf\/Lining_Components_Saadettava_Konejalka_EA-sarja.pdf\" target=\"_blank\">L\u00e4s mer om produkterna<\/a><\/li>\n<\/ul>\n<p>&nbsp;<\/p>\n<p>&nbsp;<\/p>\n<p>&nbsp;<\/p>\n<p><img loading=\"lazy\" decoding=\"async\" class=\"alignright\" alt=\"\" src=\"\/old_pics\/Konejalka_EM-sarja.jpg\" width=\"105\" height=\"170\" \/><\/p>\n<h3>EM-serien<\/h3>\n<ul>\n<li>Max last 1000 Kg<\/li>\n<li>Lateral Adjustment : approx 15\u00b0<\/li>\n<li><a class=\"pdf_open\" onclick=\"recordOutboundLink(this, 'PDF avattu', 'konejalat');return false;\" href=\"\/pdf\/Lining_Components_Konejalka_EM-sarja.pdf\" target=\"_blank\">L\u00e4s mer om produkterna<\/a><\/li>\n<\/ul>\n<p>&nbsp;<\/p>\n<p>&nbsp;<\/p>\n<p><img loading=\"lazy\" decoding=\"async\" class=\"alignright\" alt=\"\" src=\"\/old_pics\/Konejalka_TE-sarja.jpg\" width=\"139\" height=\"170\" \/><\/p>\n<h3>TE-serien<\/h3>\n<ul>\n<li>Max last 1000 Kg<\/li>\n<li><a class=\"pdf_open\" onclick=\"recordOutboundLink(this, 'PDF avattu', 'konejalat');return false;\" href=\"\/pdf\/Lining_Components_Konejalka_TE-sarja.pdf\" target=\"_blank\">L\u00e4s mer om produkterna<\/a><\/li>\n<\/ul>\n<p>&nbsp;<\/p>\n<p>&nbsp;<\/p>\n<p>&nbsp;<\/p>\n<p><img loading=\"lazy\" decoding=\"async\" class=\"alignright\" alt=\"\" src=\"\/old_pics\/Konejalka_TH-sarja.jpg\" width=\"109\" height=\"170\" \/><\/p>\n<h3>TH-serien<\/h3>\n<ul>\n<li>Max last 3000 Kg<\/li>\n<li><a class=\"pdf_open\" onclick=\"recordOutboundLink(this, 'PDF avattu', 'konejalat');return false;\" href=\"\/pdf\/Lining_Components_Konejalka_TH-sarja.pdf\" target=\"_blank\">L\u00e4s mer om produkterna<\/a><\/li>\n<\/ul>\n<p>&nbsp;<\/p>\n<p>&nbsp;<\/p>\n<p>&nbsp;<\/p>\n<p><img loading=\"lazy\" decoding=\"async\" class=\"alignright\" alt=\"\" src=\"\/old_pics\/Konejalka_TK-sarja.jpg\" width=\"130\" height=\"170\" \/><\/p>\n<h3>TK-serien<\/h3>\n<ul>\n<li>Antivibration, h\u00f6jdjusterbar<\/li>\n<li>Max last 4000 Kg<\/li>\n<li>L\u00e4s mer om produkterna<\/li>\n<\/ul>\n<p>&nbsp;<\/p>\n<p>&nbsp;<\/p>\n<h2>AISI 303 and AISI 316 rostfritt st\u00e5l\u00a0:<\/h2>\n<p><img loading=\"lazy\" decoding=\"async\" class=\"alignright\" alt=\"\" src=\"\/old_pics\/Konejalka_X105-sarja.jpg\" width=\"158\" height=\"170\" \/><\/p>\n<h3>X105-serien<\/h3>\n<ul>\n<li>Max last 1000 Kg<\/li>\n<li><a class=\"pdf_open\" onclick=\"recordOutboundLink(this, 'PDF avattu', 'konejalat');return false;\" href=\"\/pdf\/Lining_Components_Konejalka_RST-X105-sarja.pdf\" target=\"_blank\">L\u00e4s mer om produkterna<\/a><\/li>\n<\/ul>\n<p>&nbsp;<\/p>\n<p>&nbsp;<\/p>\n<p>&nbsp;<\/p>\n<p><img loading=\"lazy\" decoding=\"async\" class=\"alignright\" alt=\"\" src=\"\/old_pics\/Konejalka_X125-sarja.jpg\" width=\"140\" height=\"170\" \/><\/p>\n<h3>X125-serien<\/h3>\n<ul>\n<li>Max last 750 Kg<\/li>\n<li><a class=\"pdf_open\" onclick=\"recordOutboundLink(this, 'PDF avattu', 'konejalat');return false;\" href=\"\/pdf\/Lining_Components_Konejalka_RST-X125-sarja.pdf\" target=\"_blank\">L\u00e4s mer om produkterna<\/a><\/li>\n<\/ul>\n<p>&nbsp;<\/p>\n<p>&nbsp;<\/p>\n<p>&nbsp;<\/p>\n<p><img loading=\"lazy\" decoding=\"async\" class=\"alignright\" alt=\"\" src=\"\/old_pics\/Konejalka_X205-sarja.jpg\" width=\"232\" height=\"170\" \/><\/p>\n<h3>X205-serien<\/h3>\n<ul>\n<li>Max last 1000 Kg<\/li>\n<li>Fixable to the ground<\/li>\n<li>L\u00e4s mer om produkterna<\/li>\n<\/ul>\n<p>&nbsp;<\/p>\n<p>&nbsp;<\/p>\n<p><img loading=\"lazy\" decoding=\"async\" class=\"alignright\" alt=\"\" src=\"\/old_pics\/Konejalka_X087-sarja.jpg\" width=\"131\" height=\"170\" \/><\/p>\n<h3>X087-serien<\/h3>\n<ul>\n<li>Max last 2500 Kg<\/li>\n<li>Lateral Adjustment : approx 20\u00b0<\/li>\n<li><a class=\"pdf_open\" onclick=\"recordOutboundLink(this, 'PDF avattu', 'konejalat');return false;\" href=\"\/pdf\/Lining_Components_Saadettava_konejalka_X087-sarja.pdf\" target=\"_blank\">L\u00e4s mer om produkterna<\/a><\/li>\n<\/ul>\n<p>&nbsp;<\/p>\n<p>&nbsp;<\/p>\n<p><img loading=\"lazy\" decoding=\"async\" class=\"alignright\" alt=\"\" src=\"\/old_pics\/Konejalka_TX-sarja.jpg\" width=\"210\" height=\"170\" \/><\/p>\n<h3>TX-serien<\/h3>\n<ul>\n<li>Max last 1200 Kg<\/li>\n<li><a class=\"pdf_open\" onclick=\"recordOutboundLink(this, 'PDF avattu', 'konejalat');return false;\" href=\"\/pdf\/Lining_Components_Konejalka_RST-TX-sarja.pdf\" target=\"_blank\">L\u00e4s mer om produkterna<\/a><\/li>\n<\/ul>\n<p>&nbsp;<\/p>\n<p>&nbsp;<\/p>\n<h2>Glasfiber:<\/h2>\n<p><img loading=\"lazy\" decoding=\"async\" class=\"alignright\" alt=\"\" src=\"\/old_pics\/Konejalka_NB-sarja.jpg\" width=\"266\" height=\"170\" \/><\/p>\n<h3>NB-serien<\/h3>\n<ul>\n<li>Max last 1700 Kg<\/li>\n<li><a class=\"pdf_open\" onclick=\"recordOutboundLink(this, 'PDF avattu', 'konejalat');return false;\" href=\"\/pdf\/Lining_Components_Konejalka_NB-sarja.pdf\" target=\"_blank\">L\u00e4s mer om produkterna<\/a><\/li>\n<\/ul>\n<p>&nbsp;<\/p>\n<p>&nbsp;<\/p>\n<p>&nbsp;<\/p>\n<p><img loading=\"lazy\" decoding=\"async\" class=\"alignright\" alt=\"\" src=\"\/old_pics\/Konejalkaruuvit_NB-sarja.jpg\" width=\"223\" height=\"170\" \/><\/p>\n<h3>Skruv f\u00f6r NB-serien<\/h3>\n<ul>\n<li>M8 &#8211; M20<\/li>\n<li>30 &#8211; 140 mm<\/li>\n<li><a class=\"pdf_open\" onclick=\"recordOutboundLink(this, 'PDF avattu', 'konejalat');return false;\" href=\"\/pdf\/Lining_Components_Konejalkaruuvit_NB-sarja.pdf\" target=\"_blank\">L\u00e4s mer om produkterna<\/a><\/li>\n<\/ul>\n","protected":false},"excerpt":{"rendered":"<p>M8 &#8211; M24 g\u00e4nga Max last 4000 kg Diametrar 40 &#8211; 200 mm F\u00f6rzinkat: EA-serien Max last 500 Kg L\u00e4s mer om produkterna &nbsp; &nbsp; &nbsp; EM-serien Max last 1000 Kg Lateral Adjustment : approx 15\u00b0 L\u00e4s mer om produkterna &nbsp; &nbsp; TE-serien Max last 1000 Kg L\u00e4s mer om produkterna &nbsp; &nbsp; &nbsp; TH-serien [&hellip;]<\/p>\n","protected":false},"author":3,"featured_media":0,"parent":540,"menu_order":0,"comment_status":"closed","ping_status":"closed","template":"","meta":{"hide_page_title":"","footnotes":""},"class_list":["post-522","page","type-page","status-publish","hentry"],"yoast_head":"<!-- This site is optimized with the Yoast SEO plugin v26.8 - https:\/\/yoast.com\/product\/yoast-seo-wordpress\/ -->\n<title>Maskinskor \/ maskinfotter -<\/title>\n<meta name=\"robots\" content=\"index, follow, max-snippet:-1, max-image-preview:large, max-video-preview:-1\" \/>\n<link rel=\"canonical\" href=\"https:\/\/www.ytm-lv.fi\/sv\/dampning\/maskinskor-maskinfotter\/\" \/>\n<meta property=\"og:locale\" content=\"sv_SE\" \/>\n<meta property=\"og:type\" content=\"article\" \/>\n<meta property=\"og:title\" content=\"Maskinskor \/ maskinfotter -\" \/>\n<meta property=\"og:description\" content=\"M8 &#8211; M24 g\u00e4nga Max last 4000 kg Diametrar 40 &#8211; 200 mm F\u00f6rzinkat: EA-serien Max last 500 Kg L\u00e4s mer om produkterna &nbsp; &nbsp; &nbsp; EM-serien Max last 1000 Kg Lateral Adjustment : approx 15\u00b0 L\u00e4s mer om produkterna &nbsp; &nbsp; TE-serien Max last 1000 Kg L\u00e4s mer om produkterna &nbsp; &nbsp; &nbsp; TH-serien [&hellip;]\" \/>\n<meta property=\"og:url\" content=\"https:\/\/www.ytm-lv.fi\/sv\/dampning\/maskinskor-maskinfotter\/\" \/>\n<meta property=\"article:publisher\" content=\"https:\/\/www.facebook.com\/ytmindustrial\" \/>\n<meta property=\"og:image\" content=\"http:\/\/www.liningcomponents.fi\/wp-content\/uploads\/2014\/01\/konejalat.jpg\" \/>\n<meta name=\"twitter:card\" content=\"summary_large_image\" \/>\n<meta name=\"twitter:site\" content=\"@ytmindustrial\" \/>\n<meta name=\"twitter:label1\" content=\"Ber\u00e4knad l\u00e4stid\" \/>\n\t<meta name=\"twitter:data1\" content=\"1 minut\" \/>\n<script type=\"application\/ld+json\" class=\"yoast-schema-graph\">{\"@context\":\"https:\/\/schema.org\",\"@graph\":[{\"@type\":\"WebPage\",\"@id\":\"https:\/\/www.ytm-lv.fi\/sv\/dampning\/maskinskor-maskinfotter\/\",\"url\":\"https:\/\/www.ytm-lv.fi\/sv\/dampning\/maskinskor-maskinfotter\/\",\"name\":\"Maskinskor \/ maskinfotter -\",\"isPartOf\":{\"@id\":\"https:\/\/www.ytm-lv.fi\/#website\"},\"primaryImageOfPage\":{\"@id\":\"https:\/\/www.ytm-lv.fi\/sv\/dampning\/maskinskor-maskinfotter\/#primaryimage\"},\"image\":{\"@id\":\"https:\/\/www.ytm-lv.fi\/sv\/dampning\/maskinskor-maskinfotter\/#primaryimage\"},\"thumbnailUrl\":\"http:\/\/www.liningcomponents.fi\/wp-content\/uploads\/2014\/01\/konejalat.jpg\",\"datePublished\":\"2014-03-07T07:43:59+00:00\",\"breadcrumb\":{\"@id\":\"https:\/\/www.ytm-lv.fi\/sv\/dampning\/maskinskor-maskinfotter\/#breadcrumb\"},\"inLanguage\":\"sv-SE\",\"potentialAction\":[{\"@type\":\"ReadAction\",\"target\":[\"https:\/\/www.ytm-lv.fi\/sv\/dampning\/maskinskor-maskinfotter\/\"]}]},{\"@type\":\"ImageObject\",\"inLanguage\":\"sv-SE\",\"@id\":\"https:\/\/www.ytm-lv.fi\/sv\/dampning\/maskinskor-maskinfotter\/#primaryimage\",\"url\":\"http:\/\/www.liningcomponents.fi\/wp-content\/uploads\/2014\/01\/konejalat.jpg\",\"contentUrl\":\"http:\/\/www.liningcomponents.fi\/wp-content\/uploads\/2014\/01\/konejalat.jpg\"},{\"@type\":\"BreadcrumbList\",\"@id\":\"https:\/\/www.ytm-lv.fi\/sv\/dampning\/maskinskor-maskinfotter\/#breadcrumb\",\"itemListElement\":[{\"@type\":\"ListItem\",\"position\":1,\"name\":\"Home\",\"item\":\"https:\/\/www.ytm-lv.fi\/sv\/\"},{\"@type\":\"ListItem\",\"position\":2,\"name\":\"D\u00e4mpning\",\"item\":\"https:\/\/www.ytm-lv.fi\/vaimennustekniikka\/\"},{\"@type\":\"ListItem\",\"position\":3,\"name\":\"Maskinskor \/ maskinfotter\"}]},{\"@type\":\"WebSite\",\"@id\":\"https:\/\/www.ytm-lv.fi\/#website\",\"url\":\"https:\/\/www.ytm-lv.fi\/\",\"name\":\"\",\"description\":\"Korkealuokkaiset kumi- ja vaimennustekniikkatuotteet\",\"potentialAction\":[{\"@type\":\"SearchAction\",\"target\":{\"@type\":\"EntryPoint\",\"urlTemplate\":\"https:\/\/www.ytm-lv.fi\/?s={search_term_string}\"},\"query-input\":{\"@type\":\"PropertyValueSpecification\",\"valueRequired\":true,\"valueName\":\"search_term_string\"}}],\"inLanguage\":\"sv-SE\"}]}<\/script>\n<!-- \/ Yoast SEO plugin. -->","yoast_head_json":{"title":"Maskinskor \/ maskinfotter -","robots":{"index":"index","follow":"follow","max-snippet":"max-snippet:-1","max-image-preview":"max-image-preview:large","max-video-preview":"max-video-preview:-1"},"canonical":"https:\/\/www.ytm-lv.fi\/sv\/dampning\/maskinskor-maskinfotter\/","og_locale":"sv_SE","og_type":"article","og_title":"Maskinskor \/ maskinfotter -","og_description":"M8 &#8211; M24 g\u00e4nga Max last 4000 kg Diametrar 40 &#8211; 200 mm F\u00f6rzinkat: EA-serien Max last 500 Kg L\u00e4s mer om produkterna &nbsp; &nbsp; &nbsp; EM-serien Max last 1000 Kg Lateral Adjustment : approx 15\u00b0 L\u00e4s mer om produkterna &nbsp; &nbsp; TE-serien Max last 1000 Kg L\u00e4s mer om produkterna &nbsp; &nbsp; &nbsp; TH-serien [&hellip;]","og_url":"https:\/\/www.ytm-lv.fi\/sv\/dampning\/maskinskor-maskinfotter\/","article_publisher":"https:\/\/www.facebook.com\/ytmindustrial","og_image":[{"url":"http:\/\/www.liningcomponents.fi\/wp-content\/uploads\/2014\/01\/konejalat.jpg","type":"","width":"","height":""}],"twitter_card":"summary_large_image","twitter_site":"@ytmindustrial","twitter_misc":{"Ber\u00e4knad l\u00e4stid":"1 minut"},"schema":{"@context":"https:\/\/schema.org","@graph":[{"@type":"WebPage","@id":"https:\/\/www.ytm-lv.fi\/sv\/dampning\/maskinskor-maskinfotter\/","url":"https:\/\/www.ytm-lv.fi\/sv\/dampning\/maskinskor-maskinfotter\/","name":"Maskinskor \/ maskinfotter -","isPartOf":{"@id":"https:\/\/www.ytm-lv.fi\/#website"},"primaryImageOfPage":{"@id":"https:\/\/www.ytm-lv.fi\/sv\/dampning\/maskinskor-maskinfotter\/#primaryimage"},"image":{"@id":"https:\/\/www.ytm-lv.fi\/sv\/dampning\/maskinskor-maskinfotter\/#primaryimage"},"thumbnailUrl":"http:\/\/www.liningcomponents.fi\/wp-content\/uploads\/2014\/01\/konejalat.jpg","datePublished":"2014-03-07T07:43:59+00:00","breadcrumb":{"@id":"https:\/\/www.ytm-lv.fi\/sv\/dampning\/maskinskor-maskinfotter\/#breadcrumb"},"inLanguage":"sv-SE","potentialAction":[{"@type":"ReadAction","target":["https:\/\/www.ytm-lv.fi\/sv\/dampning\/maskinskor-maskinfotter\/"]}]},{"@type":"ImageObject","inLanguage":"sv-SE","@id":"https:\/\/www.ytm-lv.fi\/sv\/dampning\/maskinskor-maskinfotter\/#primaryimage","url":"http:\/\/www.liningcomponents.fi\/wp-content\/uploads\/2014\/01\/konejalat.jpg","contentUrl":"http:\/\/www.liningcomponents.fi\/wp-content\/uploads\/2014\/01\/konejalat.jpg"},{"@type":"BreadcrumbList","@id":"https:\/\/www.ytm-lv.fi\/sv\/dampning\/maskinskor-maskinfotter\/#breadcrumb","itemListElement":[{"@type":"ListItem","position":1,"name":"Home","item":"https:\/\/www.ytm-lv.fi\/sv\/"},{"@type":"ListItem","position":2,"name":"D\u00e4mpning","item":"https:\/\/www.ytm-lv.fi\/vaimennustekniikka\/"},{"@type":"ListItem","position":3,"name":"Maskinskor \/ maskinfotter"}]},{"@type":"WebSite","@id":"https:\/\/www.ytm-lv.fi\/#website","url":"https:\/\/www.ytm-lv.fi\/","name":"","description":"Korkealuokkaiset kumi- ja vaimennustekniikkatuotteet","potentialAction":[{"@type":"SearchAction","target":{"@type":"EntryPoint","urlTemplate":"https:\/\/www.ytm-lv.fi\/?s={search_term_string}"},"query-input":{"@type":"PropertyValueSpecification","valueRequired":true,"valueName":"search_term_string"}}],"inLanguage":"sv-SE"}]}},"_links":{"self":[{"href":"https:\/\/www.ytm-lv.fi\/sv\/wp-json\/wp\/v2\/pages\/522","targetHints":{"allow":["GET"]}}],"collection":[{"href":"https:\/\/www.ytm-lv.fi\/sv\/wp-json\/wp\/v2\/pages"}],"about":[{"href":"https:\/\/www.ytm-lv.fi\/sv\/wp-json\/wp\/v2\/types\/page"}],"author":[{"embeddable":true,"href":"https:\/\/www.ytm-lv.fi\/sv\/wp-json\/wp\/v2\/users\/3"}],"replies":[{"embeddable":true,"href":"https:\/\/www.ytm-lv.fi\/sv\/wp-json\/wp\/v2\/comments?post=522"}],"version-history":[{"count":1,"href":"https:\/\/www.ytm-lv.fi\/sv\/wp-json\/wp\/v2\/pages\/522\/revisions"}],"predecessor-version":[{"id":523,"href":"https:\/\/www.ytm-lv.fi\/sv\/wp-json\/wp\/v2\/pages\/522\/revisions\/523"}],"up":[{"embeddable":true,"href":"https:\/\/www.ytm-lv.fi\/sv\/wp-json\/wp\/v2\/pages\/540"}],"wp:attachment":[{"href":"https:\/\/www.ytm-lv.fi\/sv\/wp-json\/wp\/v2\/media?parent=522"}],"curies":[{"name":"wp","href":"https:\/\/api.w.org\/{rel}","templated":true}]}}