{"id":520,"date":"2014-03-07T09:37:41","date_gmt":"2014-03-07T07:37:41","guid":{"rendered":"http:\/\/www.liningcomponents.fi\/?page_id=520"},"modified":"2014-03-07T09:37:41","modified_gmt":"2014-03-07T07:37:41","slug":"luftfjadringar-for-industrin-enidine","status":"publish","type":"page","link":"https:\/\/www.ytm-lv.fi\/sv\/dampning\/luftfjadringar-for-industrin-enidine\/","title":{"rendered":"Luftfj\u00e4dringar f\u00f6r industrin (ENIDINE)"},"content":{"rendered":"<p><a href=\"http:\/\/www.liningcomponents.fi\/wp-content\/uploads\/2014\/01\/enidine_ilmajouset.jpg\"><img loading=\"lazy\" decoding=\"async\" class=\"alignnone size-full wp-image-209\" alt=\"Enidine ilmajouset\" src=\"http:\/\/www.liningcomponents.fi\/wp-content\/uploads\/2014\/01\/enidine_ilmajouset.jpg\" width=\"726\" height=\"469\" srcset=\"https:\/\/www.ytm-lv.fi\/wp-content\/uploads\/2014\/01\/enidine_ilmajouset.jpg 726w, https:\/\/www.ytm-lv.fi\/wp-content\/uploads\/2014\/01\/enidine_ilmajouset-300x193.jpg 300w\" sizes=\"auto, (max-width: 726px) 100vw, 726px\" \/><\/a><\/p>\n<p>Med Enidine-luftfj\u00e4dringar kan man lyfta och \u00e5stadkomma vibrationsd\u00e4mpning. Luftfj\u00e4dringen \u00e4r enkel att montera och beh\u00f6ver ingen service efter montering.<\/p>\n<h2>Tillverkningsmaterial<\/h2>\n<h3>B\u00e4lgdel:<\/h3>\n<ul>\n<li>v\u00e4vf\u00f6rst\u00e4rkt winqprene (-40 \u00b0C\u2013+100 \u00b0C)<\/li>\n<li>v\u00e4vf\u00f6rst\u00e4rkt naturgummi (-55 \u00b0C\u2013+70 \u00b0C)<\/li>\n<\/ul>\n<h3>\u00c4ndfl\u00e4nsar:<\/h3>\n<ul>\n<li>gjutet aluminium<\/li>\n<li>gjutet zinkst\u00e5l<\/li>\n<li>st\u00e5l<\/li>\n<\/ul>\n<h2>Anv\u00e4ndningsomr\u00e5den<\/h2>\n<h3>Som vibrationsd\u00e4mpare<\/h3>\n<ul>\n<li>Ett d\u00e4mpelement med vilket man, i regel med hj\u00e4lp av tryckluft, kan \u00e5stadkomma en utm\u00e4rkt l\u00e5gfrekvent vibrationsd\u00e4mpning<\/li>\n<li>f\u00f6r belastningar p\u00e5 10\u201316 000 kg\/d\u00e4mpare<\/li>\n<li>Anv\u00e4ndningsomr\u00e5den: skaktransport\u00f6rer, separatorer, m\u00e4tbord osv.<\/li>\n<\/ul>\n<h3>Som arbetsb\u00e4lg<\/h3>\n<ul>\n<li>Som filt- och virastr\u00e4ckare i pappersmaskiner<\/li>\n<li>\u00a0Som h\u00f6jdregulatorer i transport\u00f6rer<\/li>\n<li>I pressar<\/li>\n<li>I stoppanordningar<\/li>\n<\/ul>\n","protected":false},"excerpt":{"rendered":"<p>Med Enidine-luftfj\u00e4dringar kan man lyfta och \u00e5stadkomma vibrationsd\u00e4mpning. Luftfj\u00e4dringen \u00e4r enkel att montera och beh\u00f6ver ingen service efter montering. Tillverkningsmaterial B\u00e4lgdel: v\u00e4vf\u00f6rst\u00e4rkt winqprene (-40 \u00b0C\u2013+100 \u00b0C) v\u00e4vf\u00f6rst\u00e4rkt naturgummi (-55 \u00b0C\u2013+70 \u00b0C) \u00c4ndfl\u00e4nsar: gjutet aluminium gjutet zinkst\u00e5l st\u00e5l Anv\u00e4ndningsomr\u00e5den Som vibrationsd\u00e4mpare Ett d\u00e4mpelement med vilket man, i regel med hj\u00e4lp av tryckluft, kan \u00e5stadkomma en utm\u00e4rkt [&hellip;]<\/p>\n","protected":false},"author":3,"featured_media":0,"parent":540,"menu_order":0,"comment_status":"closed","ping_status":"closed","template":"","meta":{"hide_page_title":"","footnotes":""},"class_list":["post-520","page","type-page","status-publish","hentry"],"yoast_head":"<!-- This site is optimized with the Yoast SEO plugin v26.8 - https:\/\/yoast.com\/product\/yoast-seo-wordpress\/ -->\n<title>Luftfj\u00e4dringar f\u00f6r industrin (ENIDINE) -<\/title>\n<meta name=\"robots\" content=\"index, follow, max-snippet:-1, max-image-preview:large, max-video-preview:-1\" \/>\n<link rel=\"canonical\" href=\"https:\/\/www.ytm-lv.fi\/vaimennustekniikka\/enidine-ilmajouset\/\" \/>\n<meta property=\"og:locale\" content=\"sv_SE\" \/>\n<meta property=\"og:type\" content=\"article\" \/>\n<meta property=\"og:title\" content=\"Luftfj\u00e4dringar f\u00f6r industrin (ENIDINE) -\" \/>\n<meta property=\"og:description\" content=\"Med Enidine-luftfj\u00e4dringar kan man lyfta och \u00e5stadkomma vibrationsd\u00e4mpning. Luftfj\u00e4dringen \u00e4r enkel att montera och beh\u00f6ver ingen service efter montering. Tillverkningsmaterial B\u00e4lgdel: v\u00e4vf\u00f6rst\u00e4rkt winqprene (-40 \u00b0C\u2013+100 \u00b0C) v\u00e4vf\u00f6rst\u00e4rkt naturgummi (-55 \u00b0C\u2013+70 \u00b0C) \u00c4ndfl\u00e4nsar: gjutet aluminium gjutet zinkst\u00e5l st\u00e5l Anv\u00e4ndningsomr\u00e5den Som vibrationsd\u00e4mpare Ett d\u00e4mpelement med vilket man, i regel med hj\u00e4lp av tryckluft, kan \u00e5stadkomma en utm\u00e4rkt [&hellip;]\" \/>\n<meta property=\"og:url\" content=\"https:\/\/www.ytm-lv.fi\/vaimennustekniikka\/enidine-ilmajouset\/\" \/>\n<meta property=\"article:publisher\" content=\"https:\/\/www.facebook.com\/ytmindustrial\" \/>\n<meta property=\"og:image\" content=\"http:\/\/www.liningcomponents.fi\/wp-content\/uploads\/2014\/01\/enidine_ilmajouset.jpg\" \/>\n<meta name=\"twitter:card\" content=\"summary_large_image\" \/>\n<meta name=\"twitter:site\" content=\"@ytmindustrial\" \/>\n<meta name=\"twitter:label1\" content=\"Ber\u00e4knad l\u00e4stid\" \/>\n\t<meta name=\"twitter:data1\" content=\"1 minut\" \/>\n<script type=\"application\/ld+json\" class=\"yoast-schema-graph\">{\"@context\":\"https:\/\/schema.org\",\"@graph\":[{\"@type\":\"WebPage\",\"@id\":\"https:\/\/www.ytm-lv.fi\/vaimennustekniikka\/enidine-ilmajouset\/\",\"url\":\"https:\/\/www.ytm-lv.fi\/vaimennustekniikka\/enidine-ilmajouset\/\",\"name\":\"Luftfj\u00e4dringar f\u00f6r industrin (ENIDINE) -\",\"isPartOf\":{\"@id\":\"https:\/\/www.ytm-lv.fi\/#website\"},\"primaryImageOfPage\":{\"@id\":\"https:\/\/www.ytm-lv.fi\/vaimennustekniikka\/enidine-ilmajouset\/#primaryimage\"},\"image\":{\"@id\":\"https:\/\/www.ytm-lv.fi\/vaimennustekniikka\/enidine-ilmajouset\/#primaryimage\"},\"thumbnailUrl\":\"http:\/\/www.liningcomponents.fi\/wp-content\/uploads\/2014\/01\/enidine_ilmajouset.jpg\",\"datePublished\":\"2014-03-07T07:37:41+00:00\",\"breadcrumb\":{\"@id\":\"https:\/\/www.ytm-lv.fi\/vaimennustekniikka\/enidine-ilmajouset\/#breadcrumb\"},\"inLanguage\":\"sv-SE\",\"potentialAction\":[{\"@type\":\"ReadAction\",\"target\":[\"https:\/\/www.ytm-lv.fi\/vaimennustekniikka\/enidine-ilmajouset\/\"]}]},{\"@type\":\"ImageObject\",\"inLanguage\":\"sv-SE\",\"@id\":\"https:\/\/www.ytm-lv.fi\/vaimennustekniikka\/enidine-ilmajouset\/#primaryimage\",\"url\":\"http:\/\/www.liningcomponents.fi\/wp-content\/uploads\/2014\/01\/enidine_ilmajouset.jpg\",\"contentUrl\":\"http:\/\/www.liningcomponents.fi\/wp-content\/uploads\/2014\/01\/enidine_ilmajouset.jpg\"},{\"@type\":\"BreadcrumbList\",\"@id\":\"https:\/\/www.ytm-lv.fi\/vaimennustekniikka\/enidine-ilmajouset\/#breadcrumb\",\"itemListElement\":[{\"@type\":\"ListItem\",\"position\":1,\"name\":\"Home\",\"item\":\"https:\/\/www.ytm-lv.fi\/sv\/\"},{\"@type\":\"ListItem\",\"position\":2,\"name\":\"D\u00e4mpning\",\"item\":\"https:\/\/www.ytm-lv.fi\/vaimennustekniikka\/\"},{\"@type\":\"ListItem\",\"position\":3,\"name\":\"Luftfj\u00e4dringar f\u00f6r industrin (ENIDINE)\"}]},{\"@type\":\"WebSite\",\"@id\":\"https:\/\/www.ytm-lv.fi\/#website\",\"url\":\"https:\/\/www.ytm-lv.fi\/\",\"name\":\"\",\"description\":\"Korkealuokkaiset kumi- ja vaimennustekniikkatuotteet\",\"potentialAction\":[{\"@type\":\"SearchAction\",\"target\":{\"@type\":\"EntryPoint\",\"urlTemplate\":\"https:\/\/www.ytm-lv.fi\/?s={search_term_string}\"},\"query-input\":{\"@type\":\"PropertyValueSpecification\",\"valueRequired\":true,\"valueName\":\"search_term_string\"}}],\"inLanguage\":\"sv-SE\"}]}<\/script>\n<!-- \/ Yoast SEO plugin. -->","yoast_head_json":{"title":"Luftfj\u00e4dringar f\u00f6r industrin (ENIDINE) -","robots":{"index":"index","follow":"follow","max-snippet":"max-snippet:-1","max-image-preview":"max-image-preview:large","max-video-preview":"max-video-preview:-1"},"canonical":"https:\/\/www.ytm-lv.fi\/vaimennustekniikka\/enidine-ilmajouset\/","og_locale":"sv_SE","og_type":"article","og_title":"Luftfj\u00e4dringar f\u00f6r industrin (ENIDINE) -","og_description":"Med Enidine-luftfj\u00e4dringar kan man lyfta och \u00e5stadkomma vibrationsd\u00e4mpning. Luftfj\u00e4dringen \u00e4r enkel att montera och beh\u00f6ver ingen service efter montering. Tillverkningsmaterial B\u00e4lgdel: v\u00e4vf\u00f6rst\u00e4rkt winqprene (-40 \u00b0C\u2013+100 \u00b0C) v\u00e4vf\u00f6rst\u00e4rkt naturgummi (-55 \u00b0C\u2013+70 \u00b0C) \u00c4ndfl\u00e4nsar: gjutet aluminium gjutet zinkst\u00e5l st\u00e5l Anv\u00e4ndningsomr\u00e5den Som vibrationsd\u00e4mpare Ett d\u00e4mpelement med vilket man, i regel med hj\u00e4lp av tryckluft, kan \u00e5stadkomma en utm\u00e4rkt [&hellip;]","og_url":"https:\/\/www.ytm-lv.fi\/vaimennustekniikka\/enidine-ilmajouset\/","article_publisher":"https:\/\/www.facebook.com\/ytmindustrial","og_image":[{"url":"http:\/\/www.liningcomponents.fi\/wp-content\/uploads\/2014\/01\/enidine_ilmajouset.jpg","type":"","width":"","height":""}],"twitter_card":"summary_large_image","twitter_site":"@ytmindustrial","twitter_misc":{"Ber\u00e4knad l\u00e4stid":"1 minut"},"schema":{"@context":"https:\/\/schema.org","@graph":[{"@type":"WebPage","@id":"https:\/\/www.ytm-lv.fi\/vaimennustekniikka\/enidine-ilmajouset\/","url":"https:\/\/www.ytm-lv.fi\/vaimennustekniikka\/enidine-ilmajouset\/","name":"Luftfj\u00e4dringar f\u00f6r industrin (ENIDINE) -","isPartOf":{"@id":"https:\/\/www.ytm-lv.fi\/#website"},"primaryImageOfPage":{"@id":"https:\/\/www.ytm-lv.fi\/vaimennustekniikka\/enidine-ilmajouset\/#primaryimage"},"image":{"@id":"https:\/\/www.ytm-lv.fi\/vaimennustekniikka\/enidine-ilmajouset\/#primaryimage"},"thumbnailUrl":"http:\/\/www.liningcomponents.fi\/wp-content\/uploads\/2014\/01\/enidine_ilmajouset.jpg","datePublished":"2014-03-07T07:37:41+00:00","breadcrumb":{"@id":"https:\/\/www.ytm-lv.fi\/vaimennustekniikka\/enidine-ilmajouset\/#breadcrumb"},"inLanguage":"sv-SE","potentialAction":[{"@type":"ReadAction","target":["https:\/\/www.ytm-lv.fi\/vaimennustekniikka\/enidine-ilmajouset\/"]}]},{"@type":"ImageObject","inLanguage":"sv-SE","@id":"https:\/\/www.ytm-lv.fi\/vaimennustekniikka\/enidine-ilmajouset\/#primaryimage","url":"http:\/\/www.liningcomponents.fi\/wp-content\/uploads\/2014\/01\/enidine_ilmajouset.jpg","contentUrl":"http:\/\/www.liningcomponents.fi\/wp-content\/uploads\/2014\/01\/enidine_ilmajouset.jpg"},{"@type":"BreadcrumbList","@id":"https:\/\/www.ytm-lv.fi\/vaimennustekniikka\/enidine-ilmajouset\/#breadcrumb","itemListElement":[{"@type":"ListItem","position":1,"name":"Home","item":"https:\/\/www.ytm-lv.fi\/sv\/"},{"@type":"ListItem","position":2,"name":"D\u00e4mpning","item":"https:\/\/www.ytm-lv.fi\/vaimennustekniikka\/"},{"@type":"ListItem","position":3,"name":"Luftfj\u00e4dringar f\u00f6r industrin (ENIDINE)"}]},{"@type":"WebSite","@id":"https:\/\/www.ytm-lv.fi\/#website","url":"https:\/\/www.ytm-lv.fi\/","name":"","description":"Korkealuokkaiset kumi- ja vaimennustekniikkatuotteet","potentialAction":[{"@type":"SearchAction","target":{"@type":"EntryPoint","urlTemplate":"https:\/\/www.ytm-lv.fi\/?s={search_term_string}"},"query-input":{"@type":"PropertyValueSpecification","valueRequired":true,"valueName":"search_term_string"}}],"inLanguage":"sv-SE"}]}},"_links":{"self":[{"href":"https:\/\/www.ytm-lv.fi\/sv\/wp-json\/wp\/v2\/pages\/520","targetHints":{"allow":["GET"]}}],"collection":[{"href":"https:\/\/www.ytm-lv.fi\/sv\/wp-json\/wp\/v2\/pages"}],"about":[{"href":"https:\/\/www.ytm-lv.fi\/sv\/wp-json\/wp\/v2\/types\/page"}],"author":[{"embeddable":true,"href":"https:\/\/www.ytm-lv.fi\/sv\/wp-json\/wp\/v2\/users\/3"}],"replies":[{"embeddable":true,"href":"https:\/\/www.ytm-lv.fi\/sv\/wp-json\/wp\/v2\/comments?post=520"}],"version-history":[{"count":1,"href":"https:\/\/www.ytm-lv.fi\/sv\/wp-json\/wp\/v2\/pages\/520\/revisions"}],"predecessor-version":[{"id":521,"href":"https:\/\/www.ytm-lv.fi\/sv\/wp-json\/wp\/v2\/pages\/520\/revisions\/521"}],"up":[{"embeddable":true,"href":"https:\/\/www.ytm-lv.fi\/sv\/wp-json\/wp\/v2\/pages\/540"}],"wp:attachment":[{"href":"https:\/\/www.ytm-lv.fi\/sv\/wp-json\/wp\/v2\/media?parent=520"}],"curies":[{"name":"wp","href":"https:\/\/api.w.org\/{rel}","templated":true}]}}