{"id":1255,"date":"2019-07-09T13:36:54","date_gmt":"2019-07-09T10:36:54","guid":{"rendered":"http:\/\/www.liningcomponents.fi\/?page_id=1255"},"modified":"2019-07-30T16:36:10","modified_gmt":"2019-07-30T13:36:10","slug":"1255-2","status":"publish","type":"page","link":"https:\/\/www.ytm-lv.fi\/sv\/","title":{"rendered":""},"content":{"rendered":"<div class=\"one-fourth first last\"><a title=\"LV-seriens vibrationsd\u00e4mpare av st\u00f6tgummi\" href=\"\/sv\/dampning\/lv-seriens-vibrationsdampare-av-stotgummi\/\"><img loading=\"lazy\" decoding=\"async\" class=\"size-full wp-image-1327 aligncenter\" src=\"https:\/\/www.ytm-lv.fi\/wp-content\/uploads\/2019\/07\/YTM-LV-vaimentimet-etusivu.jpg\" alt=\"\" width=\"400\" height=\"250\" \/><\/a><br \/>\n<a title=\"LV-seriens vibrationsd\u00e4mpare av st\u00f6tgummi\" href=\"\/sv\/dampning\/lv-seriens-vibrationsdampare-av-stotgummi\/\">YTM-LV-seriens vibrationsd\u00e4mpare av st\u00f6tgummi<\/a><\/div>\n<div class=\"one-fourth last\"><a title=\"Enidine produktval\" href=\"\/sv\/dampning\/enidine-produktval\/\"><img loading=\"lazy\" decoding=\"async\" class=\"aligncenter size-full wp-image-29\" src=\"\/wp-content\/uploads\/2014\/01\/enidinevaimentimet.png\" alt=\"enidinevaimentimet\" width=\"400\" height=\"250\" srcset=\"https:\/\/www.ytm-lv.fi\/wp-content\/uploads\/2014\/01\/enidinevaimentimet.png 400w, https:\/\/www.ytm-lv.fi\/wp-content\/uploads\/2014\/01\/enidinevaimentimet-300x187.png 300w\" sizes=\"auto, (max-width: 400px) 100vw, 400px\" \/><br \/>\nENIDINE industrist\u00f6td\u00e4mpare<\/a><\/div>\n<div class=\"one-fourth last\"><a title=\"Cylinderformad vibrationsd\u00e4mpare\" href=\"\/sv\/dampning\/cylinderformad-vibrationsdampare\/\"><img loading=\"lazy\" decoding=\"async\" class=\"aligncenter size-full wp-image-30\" src=\"\/wp-content\/uploads\/2014\/01\/lieriovaimentimet.png\" alt=\"lieriovaimentimet\" width=\"400\" height=\"250\" \/><\/a><br \/>\n<a title=\"Cylinderformad vibrationsd\u00e4mpare\" href=\"\/sv\/dampning\/cylinderformad-vibrationsdampare\/\">Cylinderformad vibrationsd\u00e4mpare<\/a><\/div>\n<div class=\"one-fourth last\"><a title=\"Maskinskor \/ maskinfotter\" href=\"\/sv\/dampning\/maskinskor-maskinfotter\/\"><img loading=\"lazy\" decoding=\"async\" class=\"aligncenter size-full wp-image-31\" src=\"\/wp-content\/uploads\/2014\/01\/konejalat.png\" alt=\"konejalat\" width=\"400\" height=\"250\" srcset=\"https:\/\/www.ytm-lv.fi\/wp-content\/uploads\/2014\/01\/konejalat.png 400w, https:\/\/www.ytm-lv.fi\/wp-content\/uploads\/2014\/01\/konejalat-300x187.png 300w\" sizes=\"auto, (max-width: 400px) 100vw, 400px\" \/><\/a><br \/>\n<a title=\"Maskinskor \/ maskinfotter\" href=\"\/sv\/dampning\/maskinskor-maskinfotter\/\">Maskinskor<\/a><\/div>\n","protected":false},"excerpt":{"rendered":"<p>YTM-LV-seriens vibrationsd\u00e4mpare av st\u00f6tgummi ENIDINE industrist\u00f6td\u00e4mpare Cylinderformad vibrationsd\u00e4mpare Maskinskor<\/p>\n","protected":false},"author":3,"featured_media":0,"parent":0,"menu_order":0,"comment_status":"closed","ping_status":"closed","template":"","meta":{"hide_page_title":"","footnotes":""},"class_list":["post-1255","page","type-page","status-publish","hentry"],"yoast_head":"<!-- This site is optimized with the Yoast SEO plugin v26.8 - https:\/\/yoast.com\/product\/yoast-seo-wordpress\/ -->\n<title>-<\/title>\n<meta name=\"robots\" content=\"index, follow, max-snippet:-1, max-image-preview:large, max-video-preview:-1\" \/>\n<link rel=\"canonical\" href=\"https:\/\/www.ytm-lv.fi\/sv\/\" \/>\n<meta property=\"og:locale\" content=\"sv_SE\" \/>\n<meta property=\"og:type\" content=\"article\" \/>\n<meta property=\"og:title\" content=\"-\" \/>\n<meta property=\"og:description\" content=\"YTM-LV-seriens vibrationsd\u00e4mpare av st\u00f6tgummi ENIDINE industrist\u00f6td\u00e4mpare Cylinderformad vibrationsd\u00e4mpare Maskinskor\" \/>\n<meta property=\"og:url\" content=\"https:\/\/www.ytm-lv.fi\/sv\/\" \/>\n<meta property=\"article:publisher\" content=\"https:\/\/www.facebook.com\/ytmindustrial\" \/>\n<meta property=\"article:modified_time\" content=\"2019-07-30T13:36:10+00:00\" \/>\n<meta property=\"og:image\" content=\"https:\/\/www.ytm-lv.fi\/wp-content\/uploads\/2019\/07\/YTM-LV-vaimentimet-etusivu.jpg\" \/>\n<meta name=\"twitter:card\" content=\"summary_large_image\" \/>\n<meta name=\"twitter:site\" content=\"@ytmindustrial\" \/>\n<script type=\"application\/ld+json\" class=\"yoast-schema-graph\">{\"@context\":\"https:\/\/schema.org\",\"@graph\":[{\"@type\":\"WebPage\",\"@id\":\"https:\/\/www.ytm-lv.fi\/sv\/\",\"url\":\"https:\/\/www.ytm-lv.fi\/sv\/\",\"name\":\"-\",\"isPartOf\":{\"@id\":\"https:\/\/www.ytm-lv.fi\/#website\"},\"primaryImageOfPage\":{\"@id\":\"https:\/\/www.ytm-lv.fi\/sv\/#primaryimage\"},\"image\":{\"@id\":\"https:\/\/www.ytm-lv.fi\/sv\/#primaryimage\"},\"thumbnailUrl\":\"https:\/\/www.ytm-lv.fi\/wp-content\/uploads\/2019\/07\/YTM-LV-vaimentimet-etusivu.jpg\",\"datePublished\":\"2019-07-09T10:36:54+00:00\",\"dateModified\":\"2019-07-30T13:36:10+00:00\",\"inLanguage\":\"sv-SE\",\"potentialAction\":[{\"@type\":\"ReadAction\",\"target\":[\"https:\/\/www.ytm-lv.fi\/sv\/\"]}]},{\"@type\":\"ImageObject\",\"inLanguage\":\"sv-SE\",\"@id\":\"https:\/\/www.ytm-lv.fi\/sv\/#primaryimage\",\"url\":\"https:\/\/www.ytm-lv.fi\/wp-content\/uploads\/2019\/07\/YTM-LV-vaimentimet-etusivu.jpg\",\"contentUrl\":\"https:\/\/www.ytm-lv.fi\/wp-content\/uploads\/2019\/07\/YTM-LV-vaimentimet-etusivu.jpg\"},{\"@type\":\"WebSite\",\"@id\":\"https:\/\/www.ytm-lv.fi\/#website\",\"url\":\"https:\/\/www.ytm-lv.fi\/\",\"name\":\"\",\"description\":\"Korkealuokkaiset kumi- ja vaimennustekniikkatuotteet\",\"potentialAction\":[{\"@type\":\"SearchAction\",\"target\":{\"@type\":\"EntryPoint\",\"urlTemplate\":\"https:\/\/www.ytm-lv.fi\/?s={search_term_string}\"},\"query-input\":{\"@type\":\"PropertyValueSpecification\",\"valueRequired\":true,\"valueName\":\"search_term_string\"}}],\"inLanguage\":\"sv-SE\"}]}<\/script>\n<!-- \/ Yoast SEO plugin. -->","yoast_head_json":{"title":"-","robots":{"index":"index","follow":"follow","max-snippet":"max-snippet:-1","max-image-preview":"max-image-preview:large","max-video-preview":"max-video-preview:-1"},"canonical":"https:\/\/www.ytm-lv.fi\/sv\/","og_locale":"sv_SE","og_type":"article","og_title":"-","og_description":"YTM-LV-seriens vibrationsd\u00e4mpare av st\u00f6tgummi ENIDINE industrist\u00f6td\u00e4mpare Cylinderformad vibrationsd\u00e4mpare Maskinskor","og_url":"https:\/\/www.ytm-lv.fi\/sv\/","article_publisher":"https:\/\/www.facebook.com\/ytmindustrial","article_modified_time":"2019-07-30T13:36:10+00:00","og_image":[{"url":"https:\/\/www.ytm-lv.fi\/wp-content\/uploads\/2019\/07\/YTM-LV-vaimentimet-etusivu.jpg","type":"","width":"","height":""}],"twitter_card":"summary_large_image","twitter_site":"@ytmindustrial","schema":{"@context":"https:\/\/schema.org","@graph":[{"@type":"WebPage","@id":"https:\/\/www.ytm-lv.fi\/sv\/","url":"https:\/\/www.ytm-lv.fi\/sv\/","name":"-","isPartOf":{"@id":"https:\/\/www.ytm-lv.fi\/#website"},"primaryImageOfPage":{"@id":"https:\/\/www.ytm-lv.fi\/sv\/#primaryimage"},"image":{"@id":"https:\/\/www.ytm-lv.fi\/sv\/#primaryimage"},"thumbnailUrl":"https:\/\/www.ytm-lv.fi\/wp-content\/uploads\/2019\/07\/YTM-LV-vaimentimet-etusivu.jpg","datePublished":"2019-07-09T10:36:54+00:00","dateModified":"2019-07-30T13:36:10+00:00","inLanguage":"sv-SE","potentialAction":[{"@type":"ReadAction","target":["https:\/\/www.ytm-lv.fi\/sv\/"]}]},{"@type":"ImageObject","inLanguage":"sv-SE","@id":"https:\/\/www.ytm-lv.fi\/sv\/#primaryimage","url":"https:\/\/www.ytm-lv.fi\/wp-content\/uploads\/2019\/07\/YTM-LV-vaimentimet-etusivu.jpg","contentUrl":"https:\/\/www.ytm-lv.fi\/wp-content\/uploads\/2019\/07\/YTM-LV-vaimentimet-etusivu.jpg"},{"@type":"WebSite","@id":"https:\/\/www.ytm-lv.fi\/#website","url":"https:\/\/www.ytm-lv.fi\/","name":"","description":"Korkealuokkaiset kumi- ja vaimennustekniikkatuotteet","potentialAction":[{"@type":"SearchAction","target":{"@type":"EntryPoint","urlTemplate":"https:\/\/www.ytm-lv.fi\/?s={search_term_string}"},"query-input":{"@type":"PropertyValueSpecification","valueRequired":true,"valueName":"search_term_string"}}],"inLanguage":"sv-SE"}]}},"_links":{"self":[{"href":"https:\/\/www.ytm-lv.fi\/sv\/wp-json\/wp\/v2\/pages\/1255","targetHints":{"allow":["GET"]}}],"collection":[{"href":"https:\/\/www.ytm-lv.fi\/sv\/wp-json\/wp\/v2\/pages"}],"about":[{"href":"https:\/\/www.ytm-lv.fi\/sv\/wp-json\/wp\/v2\/types\/page"}],"author":[{"embeddable":true,"href":"https:\/\/www.ytm-lv.fi\/sv\/wp-json\/wp\/v2\/users\/3"}],"replies":[{"embeddable":true,"href":"https:\/\/www.ytm-lv.fi\/sv\/wp-json\/wp\/v2\/comments?post=1255"}],"version-history":[{"count":5,"href":"https:\/\/www.ytm-lv.fi\/sv\/wp-json\/wp\/v2\/pages\/1255\/revisions"}],"predecessor-version":[{"id":1328,"href":"https:\/\/www.ytm-lv.fi\/sv\/wp-json\/wp\/v2\/pages\/1255\/revisions\/1328"}],"wp:attachment":[{"href":"https:\/\/www.ytm-lv.fi\/sv\/wp-json\/wp\/v2\/media?parent=1255"}],"curies":[{"name":"wp","href":"https:\/\/api.w.org\/{rel}","templated":true}]}}